{"id":1157,"date":"2024-03-21T18:33:20","date_gmt":"2024-03-21T17:33:20","guid":{"rendered":"https:\/\/tc-offroad-trekking.de\/4x4\/?page_id=1157"},"modified":"2026-02-23T12:31:09","modified_gmt":"2026-02-23T11:31:09","slug":"pyrenaeen","status":"publish","type":"page","link":"https:\/\/tc-offroad-trekking.de\/4x4\/pyrenaeen\/","title":{"rendered":"Pyren\u00e4en"},"content":{"rendered":"<p>[et_pb_section fb_built=&#8220;1&#8243; admin_label=&#8220;section&#8220; _builder_version=&#8220;4.24.3&#8243; background_image=&#8220;https:\/\/tc-offroad-trekking.de\/4&#215;4\/wp-content\/uploads\/2024\/01\/tc-startbild-neu.jpg&#8220; background_blend=&#8220;saturation&#8220; width=&#8220;100%&#8220; module_alignment=&#8220;center&#8220; height=&#8220;100%&#8220; custom_margin=&#8220;||0px||false|false&#8220; custom_padding=&#8220;0px||0px|||&#8220; global_colors_info=&#8220;{}&#8220;][et_pb_row custom_padding_last_edited=&#8220;on|phone&#8220; _builder_version=&#8220;4.24.3&#8243; _module_preset=&#8220;default&#8220; positioning=&#8220;none&#8220; width=&#8220;100%&#8220; max_width=&#8220;100%&#8220; custom_margin=&#8220;|auto|0px|auto|false|false&#8220; custom_margin_tablet=&#8220;|auto|0px|auto|false|false&#8220; custom_margin_phone=&#8220;|auto|0px|auto|false|false&#8220; custom_margin_last_edited=&#8220;on|phone&#8220; custom_padding=&#8220;0px||0px||false|false&#8220; custom_padding_tablet=&#8220;0px||0px||false|false&#8220; custom_padding_phone=&#8220;0px||0px||false|false&#8220; global_colors_info=&#8220;{}&#8220;][et_pb_column type=&#8220;4_4&#8243; _builder_version=&#8220;4.23.4&#8243; _module_preset=&#8220;default&#8220; global_colors_info=&#8220;{}&#8220;][et_pb_image src=&#8220;https:\/\/tc-offroad-trekking.de\/4&#215;4\/wp-content\/uploads\/2024\/03\/start_white_unten_wave_02.png&#8220; alt=&#8220;2.\tKarpaten 4&#215;4, Transsilvanien, Offroad Karpaten, TC-Offroad-Trekking, Gel\u00e4ndewagen, Expedition, Offroad-Tour, Offroad-Reise&#8220; title_text=&#8220;Pyrenaeen-Titelbild&#8220; show_bottom_space=&#8220;off&#8220; force_fullwidth=&#8220;on&#8220; src_tablet=&#8220;https:\/\/tc-offroad-trekking.de\/4&#215;4\/wp-content\/uploads\/2024\/03\/start_white_unten_wave_02.png&#8220; src_phone=&#8220;https:\/\/tc-offroad-trekking.de\/4&#215;4\/wp-content\/uploads\/2024\/04\/Pyrenaeen-Titelbild.jpg&#8220; src_last_edited=&#8220;on|phone&#8220; _builder_version=&#8220;4.24.3&#8243; _module_preset=&#8220;default&#8220; background_image=&#8220;https:\/\/tc-offroad-trekking.de\/4&#215;4\/wp-content\/uploads\/2024\/03\/Auswahl-Pyrenaeen-neu.jpg&#8220; min_height=&#8220;100%&#8220; custom_margin=&#8220;60px||0px||false|false&#8220; custom_margin_tablet=&#8220;60px||0px||false|false&#8220; custom_margin_phone=&#8220;90px||0px||false|false&#8220; custom_margin_last_edited=&#8220;on|phone&#8220; custom_padding=&#8220;322px||0px||false|false&#8220; custom_padding_tablet=&#8220;322px||0px||false|false&#8220; custom_padding_phone=&#8220;0px||0px||false|false&#8220; custom_padding_last_edited=&#8220;on|desktop&#8220; background_last_edited=&#8220;on|phone&#8220; background_enable_image_phone=&#8220;off&#8220; global_colors_info=&#8220;{}&#8220;][\/et_pb_image][\/et_pb_column][\/et_pb_row][\/et_pb_section][et_pb_section fb_built=&#8220;1&#8243; _builder_version=&#8220;4.24.3&#8243; _module_preset=&#8220;default&#8220; max_height=&#8220;150px&#8220; custom_margin=&#8220;0px||0px||false|false&#8220; custom_margin_tablet=&#8220;0px||0px||false|false&#8220; custom_margin_phone=&#8220;0px||||false|false&#8220; custom_margin_last_edited=&#8220;on|phone&#8220; custom_padding=&#8220;0px||0px||false|false&#8220; global_colors_info=&#8220;{}&#8220;][et_pb_row _builder_version=&#8220;4.24.3&#8243; _module_preset=&#8220;default&#8220; custom_margin=&#8220;-20px|auto||auto||&#8220; custom_margin_tablet=&#8220;-44px||||false|false&#8220; custom_margin_phone=&#8220;0px|||auto|false|false&#8220; custom_margin_last_edited=&#8220;on|tablet&#8220; custom_padding=&#8220;0px||0px||false|false&#8220; global_colors_info=&#8220;{}&#8220;][et_pb_column type=&#8220;4_4&#8243; _builder_version=&#8220;4.23.4&#8243; _module_preset=&#8220;default&#8220; global_colors_info=&#8220;{}&#8220;][et_pb_text content_tablet=&#8220;<\/p>\n<div class=%22auswahlseite%22>\n<h3 style=%22text-align: left;%22>Auf alten Schmugglerpfaden<\/h3>\n<\/div>\n<div class=%22auswahl-ueberschrift%22>\n<h1 style=%22text-align: left;%22>Pyren\u00e4en<\/h1>\n<\/div>\n<p>&#8220; content_phone=&#8220;<\/p>\n<div class=%22auswahlseite%22>\n<h3 style=%22text-align: left;%22>Auf alten Schmugglerpfaden<\/h3>\n<\/div>\n<div class=%22auswahl-ueberschrift%22>\n<h1 style=%22text-align: left;%22>Pyren\u00e4en<\/h1>\n<\/div>\n<p>&#8220; content_last_edited=&#8220;on|phone&#8220; _builder_version=&#8220;4.24.3&#8243; _module_preset=&#8220;default&#8220; background_enable_image=&#8220;off&#8220; background_size=&#8220;initial&#8220; text_orientation=&#8220;center&#8220; min_height=&#8220;100%&#8220; height=&#8220;100%&#8220; custom_margin=&#8220;0px||0px|0px|false|false&#8220; custom_margin_tablet=&#8220;0px||0px|0px|false|false&#8220; custom_margin_phone=&#8220;0px||0px|0px|false|false&#8220; custom_margin_last_edited=&#8220;on|phone&#8220; custom_padding=&#8220;0px||0px||false|false&#8220; global_colors_info=&#8220;{}&#8220;]<\/p>\n<div class=\"auswahlseite\">\n<h3 style=\"text-align: left;\">Auf alten Schmugglerpfaden<\/h3>\n<\/div>\n<p>&nbsp;<\/p>\n<div class=\"auswahl-ueberschrift\">\n<h1 style=\"text-align: left;\">PYREN\u00c4EN<\/h1>\n<\/div>\n<p>[\/et_pb_text][\/et_pb_column][\/et_pb_row][\/et_pb_section][et_pb_section fb_built=&#8220;1&#8243; _builder_version=&#8220;4.24.3&#8243; _module_preset=&#8220;default&#8220; background_image=&#8220;https:\/\/tc-offroad-trekking.de\/4&#215;4\/wp-content\/uploads\/2024\/01\/background_00_01-weiss-2.jpg&#8220; background_size=&#8220;stretch&#8220; custom_margin_tablet=&#8220;&#8220; custom_margin_phone=&#8220;|||0px|false|false&#8220; custom_margin_last_edited=&#8220;on|phone&#8220; custom_padding=&#8220;0px||4px|||&#8220; background_last_edited=&#8220;on|desktop&#8220; global_colors_info=&#8220;{}&#8220;][et_pb_row column_structure=&#8220;1_2,1_2&#8243; _builder_version=&#8220;4.24.3&#8243; _module_preset=&#8220;default&#8220; module_alignment=&#8220;center&#8220; custom_margin=&#8220;-16px|auto||auto|false|false&#8220; custom_margin_tablet=&#8220;|||230px|false|false&#8220; custom_margin_phone=&#8220;-10px|||auto|false|false&#8220; custom_margin_last_edited=&#8220;on|phone&#8220; custom_padding=&#8220;||0px|||&#8220; hover_transition_speed_curve=&#8220;ease-in-out&#8220; global_colors_info=&#8220;{}&#8220;][et_pb_column type=&#8220;1_2&#8243; _builder_version=&#8220;4.23.4&#8243; _module_preset=&#8220;default&#8220; global_colors_info=&#8220;{}&#8220;][et_pb_text content_tablet=&#8220;<\/p>\n<div class=%22auswahlseite%22>\n<h3>Camps<\/h3>\n<h2><a class=\"%22link-uebersicht%22\" href=\"https:\/\/tc-offroad-trekking.de\/4x4\/pyrenaeen\">TRANS-PYREN\u00c4EN-TOUR<\/a><\/h2>\n<p><span class=%22subheader%22>Schwierigkeitsgrad: \u2736\u2736<span style=%22font-weight: bold; color: #000; font-size: 13pt;%22>\u2736<\/span>\u2736\u2736<\/span><\/p>\n<\/div>\n<p>&#8220; content_phone=&#8220;<\/p>\n<div class=%22auswahlseite%22>\n<h3>Camps<\/h3>\n<h2><a class=\"%22link-uebersicht%22\" href=\"https:\/\/tc-offroad-trekking.de\/4x4\/pyrenaeen\">TRANS-PYREN\u00c4EN-TOUR<\/a><\/h2>\n<p><span class=%22subheader%22>Schwierigkeitsgrad: \u2736\u2736<span style=%22font-weight: bold; color: #000; font-size: 13pt;%22>\u2736<\/span>\u2736\u2736<\/span><\/p>\n<\/div>\n<p>&#8220; content_last_edited=&#8220;on|phone&#8220; _builder_version=&#8220;4.27.5&#8243; _module_preset=&#8220;default&#8220; text_font_size=&#8220;12px&#8220; text_line_height=&#8220;1.5em&#8220; width=&#8220;98.8%&#8220; custom_margin_tablet=&#8220;|||-10px|false|false&#8220; custom_margin_phone=&#8220;-30px|auto||auto|false|false&#8220; custom_margin_last_edited=&#8220;on|phone&#8220; custom_padding=&#8220;|||0px|false|false&#8220; custom_padding_tablet=&#8220;|||0px|false|false&#8220; custom_padding_phone=&#8220;|||0px|false|false&#8220; custom_padding_last_edited=&#8220;on|phone&#8220; hover_enabled=&#8220;0&#8243; custom_css_free_form=&#8220;.linear-wipe{||  padding-left:10px; padding-right:10px; padding-bottom:10px;||    background: linear-gradient(181deg, #1f4583, #fafbfd);||    background-size: 100% 100%;||||    -webkit-animation: linear-wipe 4s ease infinite;||    -moz-animation: linear-wipe 4s ease infinite;||    animation: linear-wipe 4s ease infinite;||}||||@-webkit-keyframes linear-wipe {||    0%{background-position:0% 24%}||    50%{background-position:100% 77%}||    100%{background-position:0% 24%}||}||@-moz-keyframes linear-wipe {||    0%{background-position:0% 24%}||    50%{background-position:100% 77%}||    100%{background-position:0% 24%}||}||@keyframes linear-wipe {||    0%{background-position:0% 24%}||    50%{background-position:100% 77%}||    100%{background-position:0% 24%}||}&#8220; global_colors_info=&#8220;{}&#8220; sticky_enabled=&#8220;0&#8243;]<\/p>\n<div class=\"auswahlseite\">\n<h3>Camps<\/h3>\n<h2><a class=\"link-uebersicht\" href=\"\/4x4\/trans-pyrenaeen-tour\">TRANS-PYREN\u00c4EN-TOUR<\/a><\/h2>\n<p><span class=\"subheader\">Schwierigkeitsgrad: \u2736\u2736<span style=\"font-weight: bold; color: #000; font-size: 13pt;\">\u2736<\/span>\u2736\u2736<\/span><\/p>\n<\/div>\n<p>[\/et_pb_text][\/et_pb_column][et_pb_column type=&#8220;1_2&#8243; _builder_version=&#8220;4.23.4&#8243; _module_preset=&#8220;default&#8220; global_colors_info=&#8220;{}&#8220;][et_pb_text _builder_version=&#8220;4.24.3&#8243; _module_preset=&#8220;default&#8220; text_font_size=&#8220;12px&#8220; text_line_height=&#8220;1.5em&#8220; custom_margin_tablet=&#8220;|||-8px|false|false&#8220; custom_margin_phone=&#8220;0px|||auto|false|false&#8220; custom_margin_last_edited=&#8220;on|phone&#8220; global_colors_info=&#8220;{}&#8220;]<\/p>\n<div class=\"auswahlseite\">\n<h3>Hotels<\/h3>\n<h2><a class=\"link-uebersicht\" href=\"\/4x4\/trans-pyrenaeen-albergo\">TRANS-PYREN\u00c4EN \u201eALBERGO\u201c<\/a><\/h2>\n<p><span class=\"subheader\">Schwierigkeitsgrad: \u2736<span style=\"font-weight: bold; color: #000; font-size: 13pt;\">\u2736<\/span>\u2736\u2736\u2736<\/span><\/p>\n<\/div>\n<p>[\/et_pb_text][\/et_pb_column][\/et_pb_row][\/et_pb_section][et_pb_section fb_built=&#8220;1&#8243; _builder_version=&#8220;4.23.4&#8243; _module_preset=&#8220;default&#8220; custom_padding=&#8220;0px||0px|||&#8220; global_colors_info=&#8220;{}&#8220;][et_pb_row custom_padding_last_edited=&#8220;on|phone&#8220; _builder_version=&#8220;4.24.3&#8243; _module_preset=&#8220;default&#8220; custom_margin_tablet=&#8220;&#8220; custom_margin_phone=&#8220;|||auto|false|false&#8220; custom_margin_last_edited=&#8220;on|phone&#8220; custom_padding=&#8220;||0px|0px|false|false&#8220; custom_padding_tablet=&#8220;||0px|0px|false|false&#8220; custom_padding_phone=&#8220;||0px|4px|false|false&#8220; global_colors_info=&#8220;{}&#8220;][et_pb_column type=&#8220;4_4&#8243; _builder_version=&#8220;4.23.4&#8243; _module_preset=&#8220;default&#8220; global_colors_info=&#8220;{}&#8220;][et_pb_text _builder_version=&#8220;4.24.3&#8243; _module_preset=&#8220;default&#8220; custom_margin_tablet=&#8220;&#8220; custom_margin_phone=&#8220;||25px|-4px|false|false&#8220; custom_margin_last_edited=&#8220;on|phone&#8220; global_colors_info=&#8220;{}&#8220;]<\/p>\n<div class=\"auswahlseite\">\n<h3>Pyren\u00e4en Offroad<\/h3>\n<p>Kaum ein Gebirge zeigt so viele Kontraste wie die Pyren\u00e4en:<br \/>Schroffe Felsen, vereiste Gipfelgletscher, wilde Schluchten, glasklare Bergseen, H\u00f6hlen, seltene Tiere, abgeschiedene T\u00e4ler, in denen uralte Gebr\u00e4uche noch heute fortleben\u2026<\/p>\n<p>Von den alten Schmuggler-Pfaden rund um Andorra bis hin zu den m\u00e4chtigen Felsformationen im Ordesa-Nationalpark werden wir ein Gebirge erleben, in dem jedes Tal vollkommen anders aussieht:<\/p>\n<p>Natur und 4\u00d74-Abenteuer in den Zentral-Pyren\u00e4en!<\/p>\n<p style=\"text-align: center;\"><img loading=\"lazy\" decoding=\"async\" src=\"https:\/\/tc-offroad-trekking.de\/4x4\/wp-content\/uploads\/2024\/03\/stempel-allrad-alltag4.png\" width=\"153\" height=\"141\" alt=\"\" class=\"wp-image-778 alignnone size-full\" \/><\/p>\n<\/div>\n<p>[\/et_pb_text][\/et_pb_column][\/et_pb_row][\/et_pb_section]<\/p>\n","protected":false},"excerpt":{"rendered":"<p>Auf alten Schmugglerpfaden &nbsp; PYREN\u00c4EN Camps TRANS-PYREN\u00c4EN-TOUR Schwierigkeitsgrad: \u2736\u2736\u2736\u2736\u2736 Hotels TRANS-PYREN\u00c4EN \u201eALBERGO\u201c Schwierigkeitsgrad: \u2736\u2736\u2736\u2736\u2736 Pyren\u00e4en Offroad Kaum ein Gebirge zeigt so viele Kontraste wie die Pyren\u00e4en:Schroffe Felsen, vereiste Gipfelgletscher, wilde Schluchten, glasklare Bergseen, H\u00f6hlen, seltene Tiere, abgeschiedene T\u00e4ler, in denen uralte Gebr\u00e4uche noch heute fortleben\u2026 Von den alten Schmuggler-Pfaden rund um Andorra bis hin zu [&hellip;]<\/p>\n","protected":false},"author":1,"featured_media":0,"parent":0,"menu_order":0,"comment_status":"closed","ping_status":"closed","template":"","meta":{"_et_pb_use_builder":"on","_et_pb_old_content":"","_et_gb_content_width":"","_exactmetrics_skip_tracking":false,"_exactmetrics_sitenote_active":false,"_exactmetrics_sitenote_note":"","_exactmetrics_sitenote_category":0,"footnotes":""},"class_list":["post-1157","page","type-page","status-publish","hentry"],"yoast_head":"<!-- This site is optimized with the Yoast SEO Premium plugin v26.6 (Yoast SEO v27.4) - https:\/\/yoast.com\/product\/yoast-seo-premium-wordpress\/ -->\n<title>Pyren\u00e4en | TC Offroad | Offroad-Reisen und Offroad-Training<\/title>\n<meta name=\"description\" content=\"Schmuggler-Pfade rund um Andorra, m\u00e4chtige Felsformationen im Ordesa-Nationalpark: 4x4 Abenteuer in den Pyren\u00e4en!\" \/>\n<meta name=\"robots\" content=\"index, follow, max-snippet:-1, max-image-preview:large, max-video-preview:-1\" \/>\n<link rel=\"canonical\" href=\"https:\/\/tc-offroad-trekking.de\/4x4\/pyrenaeen\/\" \/>\n<meta property=\"og:locale\" content=\"de_DE\" \/>\n<meta property=\"og:type\" content=\"article\" \/>\n<meta property=\"og:title\" content=\"Pyren\u00e4en\" \/>\n<meta property=\"og:description\" content=\"Schmuggler-Pfade rund um Andorra, m\u00e4chtige Felsformationen im Ordesa-Nationalpark: 4x4 Abenteuer in den Pyren\u00e4en!\" \/>\n<meta property=\"og:url\" content=\"https:\/\/tc-offroad-trekking.de\/4x4\/pyrenaeen\/\" \/>\n<meta property=\"og:site_name\" content=\"Offroad Reisen | TC-OFFROAD-TREKKING | Touren &amp; Training in Europa\" \/>\n<meta property=\"article:publisher\" content=\"https:\/\/www.facebook.com\/tcoffroadtrekking\/\" \/>\n<meta property=\"article:modified_time\" content=\"2026-02-23T11:31:09+00:00\" \/>\n<meta property=\"og:image\" content=\"https:\/\/tc-offroad-trekking.de\/4x4\/wp-content\/uploads\/2024\/03\/stempel-allrad-alltag4.png\" \/>\n\t<meta property=\"og:image:width\" content=\"153\" \/>\n\t<meta property=\"og:image:height\" content=\"141\" \/>\n\t<meta property=\"og:image:type\" content=\"image\/png\" \/>\n<meta name=\"twitter:card\" content=\"summary_large_image\" \/>\n<meta name=\"twitter:label1\" content=\"Gesch\u00e4tzte Lesezeit\" \/>\n\t<meta name=\"twitter:data1\" content=\"2\u00a0Minuten\" \/>\n<script type=\"application\/ld+json\" class=\"yoast-schema-graph\">{\"@context\":\"https:\\\/\\\/schema.org\",\"@graph\":[{\"@type\":\"WebPage\",\"@id\":\"https:\\\/\\\/tc-offroad-trekking.de\\\/4x4\\\/pyrenaeen\\\/\",\"url\":\"https:\\\/\\\/tc-offroad-trekking.de\\\/4x4\\\/pyrenaeen\\\/\",\"name\":\"Pyren\u00e4en | TC Offroad | Offroad-Reisen und Offroad-Training\",\"isPartOf\":{\"@id\":\"https:\\\/\\\/tc-offroad-trekking.de\\\/4x4\\\/#website\"},\"primaryImageOfPage\":{\"@id\":\"https:\\\/\\\/tc-offroad-trekking.de\\\/4x4\\\/pyrenaeen\\\/#primaryimage\"},\"image\":{\"@id\":\"https:\\\/\\\/tc-offroad-trekking.de\\\/4x4\\\/pyrenaeen\\\/#primaryimage\"},\"thumbnailUrl\":\"https:\\\/\\\/tc-offroad-trekking.de\\\/4x4\\\/wp-content\\\/uploads\\\/2024\\\/03\\\/stempel-allrad-alltag4.png\",\"datePublished\":\"2024-03-21T17:33:20+00:00\",\"dateModified\":\"2026-02-23T11:31:09+00:00\",\"description\":\"Schmuggler-Pfade rund um Andorra, m\u00e4chtige Felsformationen im Ordesa-Nationalpark: 4x4 Abenteuer in den Pyren\u00e4en!\",\"breadcrumb\":{\"@id\":\"https:\\\/\\\/tc-offroad-trekking.de\\\/4x4\\\/pyrenaeen\\\/#breadcrumb\"},\"inLanguage\":\"de\",\"potentialAction\":[{\"@type\":\"ReadAction\",\"target\":[\"https:\\\/\\\/tc-offroad-trekking.de\\\/4x4\\\/pyrenaeen\\\/\"]}]},{\"@type\":\"ImageObject\",\"inLanguage\":\"de\",\"@id\":\"https:\\\/\\\/tc-offroad-trekking.de\\\/4x4\\\/pyrenaeen\\\/#primaryimage\",\"url\":\"https:\\\/\\\/tc-offroad-trekking.de\\\/4x4\\\/wp-content\\\/uploads\\\/2024\\\/03\\\/stempel-allrad-alltag4.png\",\"contentUrl\":\"https:\\\/\\\/tc-offroad-trekking.de\\\/4x4\\\/wp-content\\\/uploads\\\/2024\\\/03\\\/stempel-allrad-alltag4.png\",\"width\":153,\"height\":141,\"caption\":\"Allrad Aktiv, Offroad Training, Gel\u00e4ndewagen Training, TC-Offroad-Trekking, Kraftwerksgel\u00e4nde, Offroad Parcourt, 4x4 Training, Offroad Schrauberkurs, 4x4 Schrauberkurs, Offroad Reise\"},{\"@type\":\"BreadcrumbList\",\"@id\":\"https:\\\/\\\/tc-offroad-trekking.de\\\/4x4\\\/pyrenaeen\\\/#breadcrumb\",\"itemListElement\":[{\"@type\":\"ListItem\",\"position\":1,\"name\":\"Home\",\"item\":\"https:\\\/\\\/tc-offroad-trekking.de\\\/4x4\\\/\"},{\"@type\":\"ListItem\",\"position\":2,\"name\":\"Pyren\u00e4en\"}]},{\"@type\":\"WebSite\",\"@id\":\"https:\\\/\\\/tc-offroad-trekking.de\\\/4x4\\\/#website\",\"url\":\"https:\\\/\\\/tc-offroad-trekking.de\\\/4x4\\\/\",\"name\":\"Offroad Reisen, TC-Offroad-Trekking, Offroad Touren & Offroad Training\",\"description\":\"4x4 Reisen und 4x4-Trainings\",\"publisher\":{\"@id\":\"https:\\\/\\\/tc-offroad-trekking.de\\\/4x4\\\/#organization\"},\"alternateName\":\"Offroad Reisen TC-Offroad-Trekking\",\"potentialAction\":[{\"@type\":\"SearchAction\",\"target\":{\"@type\":\"EntryPoint\",\"urlTemplate\":\"https:\\\/\\\/tc-offroad-trekking.de\\\/4x4\\\/?s={search_term_string}\"},\"query-input\":{\"@type\":\"PropertyValueSpecification\",\"valueRequired\":true,\"valueName\":\"search_term_string\"}}],\"inLanguage\":\"de\"},{\"@type\":\"Organization\",\"@id\":\"https:\\\/\\\/tc-offroad-trekking.de\\\/4x4\\\/#organization\",\"name\":\"TC-Offroad-Trekking\",\"alternateName\":\"TC Offroad Reisen\",\"url\":\"https:\\\/\\\/tc-offroad-trekking.de\\\/4x4\\\/\",\"logo\":{\"@type\":\"ImageObject\",\"inLanguage\":\"de\",\"@id\":\"https:\\\/\\\/tc-offroad-trekking.de\\\/4x4\\\/#\\\/schema\\\/logo\\\/image\\\/\",\"url\":\"https:\\\/\\\/tc-offroad-trekking.de\\\/4x4\\\/wp-content\\\/uploads\\\/2024\\\/06\\\/logo-tc-quadratisch.png\",\"contentUrl\":\"https:\\\/\\\/tc-offroad-trekking.de\\\/4x4\\\/wp-content\\\/uploads\\\/2024\\\/06\\\/logo-tc-quadratisch.png\",\"width\":312,\"height\":312,\"caption\":\"TC-Offroad-Trekking\"},\"image\":{\"@id\":\"https:\\\/\\\/tc-offroad-trekking.de\\\/4x4\\\/#\\\/schema\\\/logo\\\/image\\\/\"},\"sameAs\":[\"https:\\\/\\\/www.facebook.com\\\/tcoffroadtrekking\\\/\"],\"description\":\"Auf alten Schmugglerpfaden durch die Pyren\u00e4en, in den Alpen \u00fcber das Dach Europas, in den Karpaten den Wolfspuren durch Transsilvanien folgen, und in der Sahara den hei\u00dfen Atem der gr\u00f6\u00dften W\u00fcste Afrikas sp\u00fcren! Im Winter mit rasselnden Schneeketten durch die tief verschneiten W\u00e4lder Rum\u00e4niens, im Fr\u00fchjahr durch die bl\u00fchende Toskana mit \u00dcbernachtungen auf romantischen Weing\u00fctern, im Sommer auf alten Milit\u00e4rpisten \u00fcber die Westalpen und im Herbst durch die farbenpr\u00e4chtigen Schluchten des Balkans! Das sind die Offroad-Reisen von TC-Offroad-Trekking. In Deutschland vermitteln wir in den sch\u00f6nsten Offroad-Parks bei unseren Offroad-Trainings das Know-how aus \u00fcber 25 Jahren Offroad-Reisen mit uns.\",\"email\":\"info@tc-offroad-trekking.de\",\"telephone\":\"04444 988125\",\"legalName\":\"TC-Offroad-Trekking GmbH\",\"vatID\":\"DE281182191\",\"taxID\":\"68\\\/215\\\/01576\",\"numberOfEmployees\":{\"@type\":\"QuantitativeValue\",\"minValue\":\"1\",\"maxValue\":\"10\"},\"publishingPrinciples\":\"https:\\\/\\\/tc-offroad-trekking.de\\\/4x4\\\/termine\\\/\",\"ownershipFundingInfo\":\"https:\\\/\\\/tc-offroad-trekking.de\\\/4x4\\\/impressum\\\/\",\"ethicsPolicy\":\"https:\\\/\\\/tc-offroad-trekking.de\\\/4x4\\\/datenschutz\\\/\",\"diversityPolicy\":\"https:\\\/\\\/tc-offroad-trekking.de\\\/4x4\\\/agb\\\/\"}]}<\/script>\n<!-- \/ Yoast SEO Premium plugin. -->","yoast_head_json":{"title":"Pyren\u00e4en | TC Offroad | Offroad-Reisen und Offroad-Training","description":"Schmuggler-Pfade rund um Andorra, m\u00e4chtige Felsformationen im Ordesa-Nationalpark: 4x4 Abenteuer in den Pyren\u00e4en!","robots":{"index":"index","follow":"follow","max-snippet":"max-snippet:-1","max-image-preview":"max-image-preview:large","max-video-preview":"max-video-preview:-1"},"canonical":"https:\/\/tc-offroad-trekking.de\/4x4\/pyrenaeen\/","og_locale":"de_DE","og_type":"article","og_title":"Pyren\u00e4en","og_description":"Schmuggler-Pfade rund um Andorra, m\u00e4chtige Felsformationen im Ordesa-Nationalpark: 4x4 Abenteuer in den Pyren\u00e4en!","og_url":"https:\/\/tc-offroad-trekking.de\/4x4\/pyrenaeen\/","og_site_name":"Offroad Reisen | TC-OFFROAD-TREKKING | Touren &amp; Training in Europa","article_publisher":"https:\/\/www.facebook.com\/tcoffroadtrekking\/","article_modified_time":"2026-02-23T11:31:09+00:00","og_image":[{"width":153,"height":141,"url":"https:\/\/tc-offroad-trekking.de\/4x4\/wp-content\/uploads\/2024\/03\/stempel-allrad-alltag4.png","type":"image\/png"}],"twitter_card":"summary_large_image","twitter_misc":{"Gesch\u00e4tzte Lesezeit":"2\u00a0Minuten"},"schema":{"@context":"https:\/\/schema.org","@graph":[{"@type":"WebPage","@id":"https:\/\/tc-offroad-trekking.de\/4x4\/pyrenaeen\/","url":"https:\/\/tc-offroad-trekking.de\/4x4\/pyrenaeen\/","name":"Pyren\u00e4en | TC Offroad | Offroad-Reisen und Offroad-Training","isPartOf":{"@id":"https:\/\/tc-offroad-trekking.de\/4x4\/#website"},"primaryImageOfPage":{"@id":"https:\/\/tc-offroad-trekking.de\/4x4\/pyrenaeen\/#primaryimage"},"image":{"@id":"https:\/\/tc-offroad-trekking.de\/4x4\/pyrenaeen\/#primaryimage"},"thumbnailUrl":"https:\/\/tc-offroad-trekking.de\/4x4\/wp-content\/uploads\/2024\/03\/stempel-allrad-alltag4.png","datePublished":"2024-03-21T17:33:20+00:00","dateModified":"2026-02-23T11:31:09+00:00","description":"Schmuggler-Pfade rund um Andorra, m\u00e4chtige Felsformationen im Ordesa-Nationalpark: 4x4 Abenteuer in den Pyren\u00e4en!","breadcrumb":{"@id":"https:\/\/tc-offroad-trekking.de\/4x4\/pyrenaeen\/#breadcrumb"},"inLanguage":"de","potentialAction":[{"@type":"ReadAction","target":["https:\/\/tc-offroad-trekking.de\/4x4\/pyrenaeen\/"]}]},{"@type":"ImageObject","inLanguage":"de","@id":"https:\/\/tc-offroad-trekking.de\/4x4\/pyrenaeen\/#primaryimage","url":"https:\/\/tc-offroad-trekking.de\/4x4\/wp-content\/uploads\/2024\/03\/stempel-allrad-alltag4.png","contentUrl":"https:\/\/tc-offroad-trekking.de\/4x4\/wp-content\/uploads\/2024\/03\/stempel-allrad-alltag4.png","width":153,"height":141,"caption":"Allrad Aktiv, Offroad Training, Gel\u00e4ndewagen Training, TC-Offroad-Trekking, Kraftwerksgel\u00e4nde, Offroad Parcourt, 4x4 Training, Offroad Schrauberkurs, 4x4 Schrauberkurs, Offroad Reise"},{"@type":"BreadcrumbList","@id":"https:\/\/tc-offroad-trekking.de\/4x4\/pyrenaeen\/#breadcrumb","itemListElement":[{"@type":"ListItem","position":1,"name":"Home","item":"https:\/\/tc-offroad-trekking.de\/4x4\/"},{"@type":"ListItem","position":2,"name":"Pyren\u00e4en"}]},{"@type":"WebSite","@id":"https:\/\/tc-offroad-trekking.de\/4x4\/#website","url":"https:\/\/tc-offroad-trekking.de\/4x4\/","name":"Offroad Reisen, TC-Offroad-Trekking, Offroad Touren & Offroad Training","description":"4x4 Reisen und 4x4-Trainings","publisher":{"@id":"https:\/\/tc-offroad-trekking.de\/4x4\/#organization"},"alternateName":"Offroad Reisen TC-Offroad-Trekking","potentialAction":[{"@type":"SearchAction","target":{"@type":"EntryPoint","urlTemplate":"https:\/\/tc-offroad-trekking.de\/4x4\/?s={search_term_string}"},"query-input":{"@type":"PropertyValueSpecification","valueRequired":true,"valueName":"search_term_string"}}],"inLanguage":"de"},{"@type":"Organization","@id":"https:\/\/tc-offroad-trekking.de\/4x4\/#organization","name":"TC-Offroad-Trekking","alternateName":"TC Offroad Reisen","url":"https:\/\/tc-offroad-trekking.de\/4x4\/","logo":{"@type":"ImageObject","inLanguage":"de","@id":"https:\/\/tc-offroad-trekking.de\/4x4\/#\/schema\/logo\/image\/","url":"https:\/\/tc-offroad-trekking.de\/4x4\/wp-content\/uploads\/2024\/06\/logo-tc-quadratisch.png","contentUrl":"https:\/\/tc-offroad-trekking.de\/4x4\/wp-content\/uploads\/2024\/06\/logo-tc-quadratisch.png","width":312,"height":312,"caption":"TC-Offroad-Trekking"},"image":{"@id":"https:\/\/tc-offroad-trekking.de\/4x4\/#\/schema\/logo\/image\/"},"sameAs":["https:\/\/www.facebook.com\/tcoffroadtrekking\/"],"description":"Auf alten Schmugglerpfaden durch die Pyren\u00e4en, in den Alpen \u00fcber das Dach Europas, in den Karpaten den Wolfspuren durch Transsilvanien folgen, und in der Sahara den hei\u00dfen Atem der gr\u00f6\u00dften W\u00fcste Afrikas sp\u00fcren! Im Winter mit rasselnden Schneeketten durch die tief verschneiten W\u00e4lder Rum\u00e4niens, im Fr\u00fchjahr durch die bl\u00fchende Toskana mit \u00dcbernachtungen auf romantischen Weing\u00fctern, im Sommer auf alten Milit\u00e4rpisten \u00fcber die Westalpen und im Herbst durch die farbenpr\u00e4chtigen Schluchten des Balkans! Das sind die Offroad-Reisen von TC-Offroad-Trekking. In Deutschland vermitteln wir in den sch\u00f6nsten Offroad-Parks bei unseren Offroad-Trainings das Know-how aus \u00fcber 25 Jahren Offroad-Reisen mit uns.","email":"info@tc-offroad-trekking.de","telephone":"04444 988125","legalName":"TC-Offroad-Trekking GmbH","vatID":"DE281182191","taxID":"68\/215\/01576","numberOfEmployees":{"@type":"QuantitativeValue","minValue":"1","maxValue":"10"},"publishingPrinciples":"https:\/\/tc-offroad-trekking.de\/4x4\/termine\/","ownershipFundingInfo":"https:\/\/tc-offroad-trekking.de\/4x4\/impressum\/","ethicsPolicy":"https:\/\/tc-offroad-trekking.de\/4x4\/datenschutz\/","diversityPolicy":"https:\/\/tc-offroad-trekking.de\/4x4\/agb\/"}]}},"_links":{"self":[{"href":"https:\/\/tc-offroad-trekking.de\/4x4\/wp-json\/wp\/v2\/pages\/1157","targetHints":{"allow":["GET"]}}],"collection":[{"href":"https:\/\/tc-offroad-trekking.de\/4x4\/wp-json\/wp\/v2\/pages"}],"about":[{"href":"https:\/\/tc-offroad-trekking.de\/4x4\/wp-json\/wp\/v2\/types\/page"}],"author":[{"embeddable":true,"href":"https:\/\/tc-offroad-trekking.de\/4x4\/wp-json\/wp\/v2\/users\/1"}],"replies":[{"embeddable":true,"href":"https:\/\/tc-offroad-trekking.de\/4x4\/wp-json\/wp\/v2\/comments?post=1157"}],"version-history":[{"count":49,"href":"https:\/\/tc-offroad-trekking.de\/4x4\/wp-json\/wp\/v2\/pages\/1157\/revisions"}],"predecessor-version":[{"id":5543,"href":"https:\/\/tc-offroad-trekking.de\/4x4\/wp-json\/wp\/v2\/pages\/1157\/revisions\/5543"}],"wp:attachment":[{"href":"https:\/\/tc-offroad-trekking.de\/4x4\/wp-json\/wp\/v2\/media?parent=1157"}],"curies":[{"name":"wp","href":"https:\/\/api.w.org\/{rel}","templated":true}]}}