{"id":1433,"date":"2024-03-27T14:08:26","date_gmt":"2024-03-27T13:08:26","guid":{"rendered":"https:\/\/tc-offroad-trekking.de\/4x4\/?page_id=1433"},"modified":"2026-03-20T11:17:33","modified_gmt":"2026-03-20T10:17:33","slug":"toskana-camp","status":"publish","type":"page","link":"https:\/\/tc-offroad-trekking.de\/4x4\/toskana-camp\/","title":{"rendered":"Toskana-Trekking-Tour"},"content":{"rendered":"<p>[et_pb_section fb_built=&#8220;1&#8243; admin_label=&#8220;section&#8220; _builder_version=&#8220;4.23.4&#8243; background_image=&#8220;https:\/\/tc-offroad-trekking.de\/4&#215;4\/wp-content\/uploads\/2024\/02\/Auswahl-Alpen-Startbild.jpg&#8220; background_blend=&#8220;saturation&#8220; width=&#8220;100%&#8220; module_alignment=&#8220;center&#8220; height=&#8220;100%&#8220; custom_margin=&#8220;0px||0px||false|false&#8220; custom_padding=&#8220;0px||0px|||&#8220; global_colors_info=&#8220;{}&#8220;][et_pb_row custom_padding_last_edited=&#8220;on|phone&#8220; _builder_version=&#8220;4.24.3&#8243; _module_preset=&#8220;default&#8220; background_enable_image=&#8220;off&#8220; background_size=&#8220;contain&#8220; positioning=&#8220;none&#8220; width=&#8220;100%&#8220; max_width=&#8220;100%&#8220; custom_margin=&#8220;0px|auto|0px|auto|false|false&#8220; custom_margin_tablet=&#8220;0px|auto|0px|auto|false|false&#8220; custom_margin_phone=&#8220;0px|auto|0px|auto|false|false&#8220; custom_margin_last_edited=&#8220;on|phone&#8220; custom_padding=&#8220;0px||0px||false|false&#8220; custom_padding_tablet=&#8220;0px||0px||false|false&#8220; custom_padding_phone=&#8220;0px||0px||false|false&#8220; global_colors_info=&#8220;{}&#8220;][et_pb_column type=&#8220;4_4&#8243; _builder_version=&#8220;4.23.4&#8243; _module_preset=&#8220;default&#8220; global_colors_info=&#8220;{}&#8220;][et_pb_image src=&#8220;https:\/\/tc-offroad-trekking.de\/4&#215;4\/wp-content\/uploads\/2024\/03\/start_white_unten_wave_02-2.png&#8220; alt=&#8220;TC-Offroad-Trekking, Alpen, Alpen\u00fcberquerung, Offroad Reise, Offroad-Tour, 4&#215;4&#8243; title_text=&#8220;Toskana-Camp-Titelbild&#8220; show_bottom_space=&#8220;off&#8220; src_tablet=&#8220;https:\/\/tc-offroad-trekking.de\/4&#215;4\/wp-content\/uploads\/2024\/03\/start_white_unten_wave_02-2.png&#8220; src_phone=&#8220;https:\/\/tc-offroad-trekking.de\/4&#215;4\/wp-content\/uploads\/2024\/04\/Toskana-Camp-Titelbild.jpg&#8220; src_last_edited=&#8220;on|phone&#8220; _builder_version=&#8220;4.24.3&#8243; _module_preset=&#8220;80c95dd4-dabf-462d-804d-7df521bdf9e1&#8243; background_image=&#8220;https:\/\/tc-offroad-trekking.de\/4&#215;4\/wp-content\/uploads\/2024\/03\/Toskana-Camp-Titelbild-2.jpg&#8220; min_height=&#8220;99%&#8220; custom_margin=&#8220;60px||-1px||false|false&#8220; custom_margin_tablet=&#8220;60px||-15px||false|false&#8220; custom_margin_phone=&#8220;90px||0px||false|false&#8220; custom_margin_last_edited=&#8220;on|tablet&#8220; custom_padding=&#8220;322px|0px|0px||false|false&#8220; custom_padding_tablet=&#8220;322px|0px|0px||false|false&#8220; custom_padding_phone=&#8220;0px||||false|false&#8220; custom_padding_last_edited=&#8220;on|phone&#8220; background_last_edited=&#8220;on|phone&#8220; background_enable_image_phone=&#8220;off&#8220; global_colors_info=&#8220;{}&#8220;][\/et_pb_image][\/et_pb_column][\/et_pb_row][\/et_pb_section][et_pb_section fb_built=&#8220;1&#8243; _builder_version=&#8220;4.23.4&#8243; _module_preset=&#8220;default&#8220; max_height=&#8220;150px&#8220; custom_margin=&#8220;||-46px||false|false&#8220; custom_padding=&#8220;8px||5px||false|false&#8220; global_colors_info=&#8220;{}&#8220;][et_pb_row _builder_version=&#8220;4.24.3&#8243; _module_preset=&#8220;default&#8220; custom_margin=&#8220;0px|auto||auto|false|false&#8220; custom_margin_tablet=&#8220;-59px||||false|false&#8220; custom_margin_phone=&#8220;0px||||false|false&#8220; custom_margin_last_edited=&#8220;on|phone&#8220; custom_padding=&#8220;0px||||false|false&#8220; global_colors_info=&#8220;{}&#8220;][et_pb_column type=&#8220;4_4&#8243; _builder_version=&#8220;4.23.4&#8243; _module_preset=&#8220;default&#8220; global_colors_info=&#8220;{}&#8220;][et_pb_text _builder_version=&#8220;4.24.3&#8243; _module_preset=&#8220;default&#8220; background_enable_image=&#8220;off&#8220; background_size=&#8220;initial&#8220; text_orientation=&#8220;center&#8220; min_height=&#8220;101%&#8220; height=&#8220;100%&#8220; custom_margin=&#8220;-20px||-4px|||&#8220; custom_margin_tablet=&#8220;0px||-4px||false|false&#8220; custom_margin_phone=&#8220;0px||-4px||false|false&#8220; custom_margin_last_edited=&#8220;on|phone&#8220; custom_padding=&#8220;0px||0px|||&#8220; global_colors_info=&#8220;{}&#8220;]<\/p>\n<div class=\"auswahlseite\" style=\"text-align: left;\">\n<h3>Durch das Land der Tr\u00e4ume&#8230;<\/h3>\n<h1>Toskana-Trekking-Tour<\/h1>\n<\/div>\n<p>[\/et_pb_text][\/et_pb_column][\/et_pb_row][\/et_pb_section][et_pb_section fb_built=&#8220;1&#8243; _builder_version=&#8220;4.23.4&#8243; _module_preset=&#8220;default&#8220; background_image=&#8220;https:\/\/tc-offroad-trekking.de\/4&#215;4\/wp-content\/uploads\/2024\/01\/background_00_01-weiss-2.jpg&#8220; background_size=&#8220;stretch&#8220; width=&#8220;100%&#8220; custom_padding=&#8220;0px||26px|||&#8220; background_last_edited=&#8220;on|desktop&#8220; global_colors_info=&#8220;{}&#8220;][et_pb_row column_structure=&#8220;2_3,1_3&#8243; _builder_version=&#8220;4.23.4&#8243; _module_preset=&#8220;default&#8220; custom_margin=&#8220;-16px|auto||auto||&#8220; custom_padding=&#8220;||0px|||&#8220; hover_transition_speed_curve=&#8220;ease-in-out&#8220; global_colors_info=&#8220;{}&#8220;][et_pb_column type=&#8220;2_3&#8243; _builder_version=&#8220;4.23.4&#8243; _module_preset=&#8220;default&#8220; global_colors_info=&#8220;{}&#8220;][et_pb_text _builder_version=&#8220;4.23.4&#8243; _module_preset=&#8220;default&#8220; text_font_size=&#8220;12px&#8220; text_line_height=&#8220;1.75em&#8220; text_orientation=&#8220;justified&#8220; global_colors_info=&#8220;{}&#8220;]<\/p>\n<p style=\"text-align: left;\">Wenn Tr\u00e4ume zu Zielen werden\u2026 dann stehen ganz oben auf der Liste die traumhaften Panorama-Tracks der Toskana! Ausgewaschene Offroad-Tracks durch knorrige Maronen-W\u00e4lder\u2026, uralte Maultierpfade, die sich durch gr\u00fcne Olivenhaine schl\u00e4ngeln\u2026, vergessene Pilgerwege, auf denen vor Jahrhunderten Wallfahrer zu heute verlassenen Kl\u00f6stern zogen, \u2026staubige Pisten vorbei an bl\u00fchendem Mohn und Koriander\u2026, f\u00fchren uns zu vertr\u00e4umten Toskana-D\u00f6rfern, romantischen Weing\u00fctern im Chianti und malerisch gelegenen Castellos in der Cr\u00e9te.<\/p>\n<p style=\"text-align: left;\">Nirgendwo erlebt man \u201eLandschaft &amp; Kultur\u201c bei einer Offroad-Reise so intensiv mit allen Sinnen wie in der Toskana. Dieser legend\u00e4re Landstrich Italiens bietet uns genau das! So sitzen wir vielleicht vormittags entspannt auf der Piazza eines romantischen Weindorfes und genie\u00dfen vor der Weiterfahrt noch einen Cappuccino, als Vincenzo, der alte Gem\u00fcseh\u00e4ndler mit seiner Piaggio Ape an uns vorbeituckert und seine Waren zum Markt liefert. Oder die Fahrt geht \u00fcber raue Offroad-Pisten zu Matteo, dem Sch\u00e4fer von Pienza. Wir probieren seinen w\u00fcrzigen Pecorino, den typischen Schafsk\u00e4se der Toskana. Matteo hat auch eine uralte \u00d6lm\u00fchle und wir verkosten sein frisch gebackenes Brot und sein eigenes Oliven\u00f6l\u2026<\/p>\n<p style=\"text-align: left;\">Nachmittags sind wir schon wieder auf einer jener abgelegenen Offroad-Pisten unterwegs, auf denen sich unsere Gel\u00e4ndewagen in die Achsverschr\u00e4nkungen winden. Heute wollen wir ein uraltes Kloster erreichen. Seit \u00fcber 1.200 Jahren hallt hier der gregorianische Gesang durch das Kirchen-Gew\u00f6lbe, mit dem die M\u00f6nche jeden Tag zum Nachmittags-Gebet gerufen werden\u2026<\/p>\n<p style=\"text-align: left;\">\u00dcberall auf unserer Reisestrecke sp\u00fcrt man noch den Atem des Mittelalters. Die Zeit scheint stehengeblieben zu sein. Und davon lassen wir uns anstecken. Urlaub + Abenteuer in Einem?<br \/>Ja, das geht: auf den Panorama-Tracks von TC-Offroad-Trekking in der Toskana \u2013 dem Land der Tr\u00e4ume!<\/p>\n<p>[\/et_pb_text][\/et_pb_column][et_pb_column type=&#8220;1_3&#8243; _builder_version=&#8220;4.23.4&#8243; _module_preset=&#8220;default&#8220; global_colors_info=&#8220;{}&#8220;][et_pb_gallery gallery_ids=&#8220;1134,2678,2681,1127,1130,1128,1133,1132&#8243; posts_number=&#8220;3&#8243; show_title_and_caption=&#8220;off&#8220; show_pagination=&#8220;off&#8220; _builder_version=&#8220;4.24.3&#8243; _module_preset=&#8220;default&#8220; width=&#8220;100%&#8220; custom_margin=&#8220;42px||||false|false&#8220; global_colors_info=&#8220;{}&#8220;][\/et_pb_gallery][\/et_pb_column][\/et_pb_row][\/et_pb_section][et_pb_section fb_built=&#8220;1&#8243; _builder_version=&#8220;4.23.4&#8243; _module_preset=&#8220;default&#8220; background_image=&#8220;https:\/\/tc-offroad-trekking.de\/4&#215;4\/wp-content\/uploads\/2024\/03\/Toskana-Hintergrund-unten.jpg&#8220; parallax=&#8220;on&#8220; min_height=&#8220;422px&#8220; min_height_tablet=&#8220;271px&#8220; min_height_phone=&#8220;271px&#8220; min_height_last_edited=&#8220;on|phone&#8220; custom_margin=&#8220;||14px|||&#8220; custom_padding=&#8220;0px|||||&#8220; global_colors_info=&#8220;{}&#8220;][et_pb_row custom_padding_last_edited=&#8220;on|phone&#8220; _builder_version=&#8220;4.23.4&#8243; _module_preset=&#8220;default&#8220; background_image=&#8220;https:\/\/tc-offroad-trekking.de\/4&#215;4\/wp-content\/uploads\/2024\/03\/spritzer-unterseite_1920x110.png&#8220; width=&#8220;100%&#8220; max_width=&#8220;1905px&#8220; module_alignment=&#8220;center&#8220; custom_margin=&#8220;0px|||0px|false|false&#8220; custom_margin_tablet=&#8220;|||0px|false|false&#8220; custom_margin_phone=&#8220;|||0px|false|false&#8220; custom_margin_last_edited=&#8220;on|desktop&#8220; custom_padding=&#8220;0px||0px|0px|false|false&#8220; custom_padding_tablet=&#8220;|||0px|false|false&#8220; custom_padding_phone=&#8220;|||1px|false|false&#8220; global_colors_info=&#8220;{}&#8220;][et_pb_column type=&#8220;4_4&#8243; _builder_version=&#8220;4.23.4&#8243; _module_preset=&#8220;default&#8220; global_colors_info=&#8220;{}&#8220;][et_pb_image src=&#8220;https:\/\/tc-offroad-trekking.de\/4&#215;4\/wp-content\/uploads\/2024\/03\/spritzer-unterseite_1920x110.png&#8220; title_text=&#8220;spritzer-unterseite_1920x110&#8243; _builder_version=&#8220;4.23.4&#8243; _module_preset=&#8220;default&#8220; custom_padding=&#8220;|||0px||&#8220; global_colors_info=&#8220;{}&#8220;][\/et_pb_image][\/et_pb_column][\/et_pb_row][et_pb_row column_structure=&#8220;1_2,1_2&#8243; _builder_version=&#8220;4.23.4&#8243; _module_preset=&#8220;default&#8220; global_colors_info=&#8220;{}&#8220;][et_pb_column type=&#8220;1_2&#8243; _builder_version=&#8220;4.23.4&#8243; _module_preset=&#8220;default&#8220; global_colors_info=&#8220;{}&#8220;][et_pb_text _builder_version=&#8220;4.27.5&#8243; _module_preset=&#8220;default&#8220; background_color=&#8220;rgba(15,15,15,0.42)&#8220; background_enable_image=&#8220;off&#8220; background_size=&#8220;stretch&#8220; custom_padding=&#8220;10px|10px|10px|10px|true|true&#8220; hover_enabled=&#8220;0&#8243; border_radii=&#8220;on|10px|10px|10px|10px&#8220; global_colors_info=&#8220;{}&#8220; sticky_enabled=&#8220;0&#8243;]<\/p>\n<div class=\"starttext\">\n<h3>Termine 2026<\/h3>\n<p><span>31. Mai bis 05. Juni 2026 (Fronleichnam)<br \/>27. Sept. bis 02. Okt. 2026<\/span><\/p>\n<\/div>\n<p>&nbsp;<\/p>\n<div class=\"starttext\">\n<h3>Mehr Infos &gt;&gt;<\/h3>\n<h2><a href=\"\/4x4\/toskana-camp-details\" style=\"font-weight: normal;\">Details &amp; Preise<\/a><\/h2>\n<\/div>\n<p>[\/et_pb_text][\/et_pb_column][et_pb_column type=&#8220;1_2&#8243; _builder_version=&#8220;4.23.4&#8243; _module_preset=&#8220;default&#8220; global_colors_info=&#8220;{}&#8220;][\/et_pb_column][\/et_pb_row][\/et_pb_section]<\/p>\n","protected":false},"excerpt":{"rendered":"<p>Durch das Land der Tr\u00e4ume&#8230; Toskana-Trekking-Tour Wenn Tr\u00e4ume zu Zielen werden\u2026 dann stehen ganz oben auf der Liste die traumhaften Panorama-Tracks der Toskana! Ausgewaschene Offroad-Tracks durch knorrige Maronen-W\u00e4lder\u2026, uralte Maultierpfade, die sich durch gr\u00fcne Olivenhaine schl\u00e4ngeln\u2026, vergessene Pilgerwege, auf denen vor Jahrhunderten Wallfahrer zu heute verlassenen Kl\u00f6stern zogen, \u2026staubige Pisten vorbei an bl\u00fchendem Mohn und [&hellip;]<\/p>\n","protected":false},"author":1,"featured_media":0,"parent":0,"menu_order":0,"comment_status":"closed","ping_status":"closed","template":"","meta":{"_et_pb_use_builder":"on","_et_pb_old_content":"","_et_gb_content_width":"","_exactmetrics_skip_tracking":false,"_exactmetrics_sitenote_active":false,"_exactmetrics_sitenote_note":"","_exactmetrics_sitenote_category":0,"footnotes":""},"class_list":["post-1433","page","type-page","status-publish","hentry"],"yoast_head":"<!-- This site is optimized with the Yoast SEO Premium plugin v26.6 (Yoast SEO v27.5) - https:\/\/yoast.com\/product\/yoast-seo-premium-wordpress\/ -->\n<title>Toskana Trekking Tour, Offroad Toskana, 4x4 Toskana Camp, TC Offroad, Offroad Reise, Offroad Abenteuer, 4x4 Training<\/title>\n<meta name=\"robots\" content=\"index, follow, max-snippet:-1, max-image-preview:large, max-video-preview:-1\" \/>\n<link rel=\"canonical\" href=\"https:\/\/tc-offroad-trekking.de\/4x4\/toskana-camp\/\" \/>\n<meta property=\"og:locale\" content=\"de_DE\" \/>\n<meta property=\"og:type\" content=\"article\" \/>\n<meta property=\"og:title\" content=\"Toskana-Trekking-Tour\" \/>\n<meta property=\"og:description\" content=\"Durch das Land der Tr\u00e4ume... Toskana-Trekking-Tour Wenn Tr\u00e4ume zu Zielen werden\u2026 dann stehen ganz oben auf der Liste die traumhaften Panorama-Tracks der Toskana! Ausgewaschene Offroad-Tracks durch knorrige Maronen-W\u00e4lder\u2026, uralte Maultierpfade, die sich durch gr\u00fcne Olivenhaine schl\u00e4ngeln\u2026, vergessene Pilgerwege, auf denen vor Jahrhunderten Wallfahrer zu heute verlassenen Kl\u00f6stern zogen, \u2026staubige Pisten vorbei an bl\u00fchendem Mohn und [&hellip;]\" \/>\n<meta property=\"og:url\" content=\"https:\/\/tc-offroad-trekking.de\/4x4\/toskana-camp\/\" \/>\n<meta property=\"og:site_name\" content=\"Offroad Reisen | TC-OFFROAD-TREKKING | Touren &amp; Training in Europa\" \/>\n<meta property=\"article:publisher\" content=\"https:\/\/www.facebook.com\/tcoffroadtrekking\/\" \/>\n<meta property=\"article:modified_time\" content=\"2026-03-20T10:17:33+00:00\" \/>\n<meta property=\"og:image\" content=\"https:\/\/tc-offroad-trekking.de\/4x4\/wp-content\/uploads\/2024\/04\/tc-startbild-neu.jpg\" \/>\n\t<meta property=\"og:image:width\" content=\"1600\" \/>\n\t<meta property=\"og:image:height\" content=\"400\" \/>\n\t<meta property=\"og:image:type\" content=\"image\/jpeg\" \/>\n<meta name=\"twitter:card\" content=\"summary_large_image\" \/>\n<meta name=\"twitter:label1\" content=\"Gesch\u00e4tzte Lesezeit\" \/>\n\t<meta name=\"twitter:data1\" content=\"6\u00a0Minuten\" \/>\n<script type=\"application\/ld+json\" class=\"yoast-schema-graph\">{\"@context\":\"https:\\\/\\\/schema.org\",\"@graph\":[{\"@type\":\"WebPage\",\"@id\":\"https:\\\/\\\/tc-offroad-trekking.de\\\/4x4\\\/toskana-camp\\\/\",\"url\":\"https:\\\/\\\/tc-offroad-trekking.de\\\/4x4\\\/toskana-camp\\\/\",\"name\":\"Toskana Trekking Tour, Offroad Toskana, 4x4 Toskana Camp, TC Offroad, Offroad Reise, Offroad Abenteuer, 4x4 Training\",\"isPartOf\":{\"@id\":\"https:\\\/\\\/tc-offroad-trekking.de\\\/4x4\\\/#website\"},\"datePublished\":\"2024-03-27T13:08:26+00:00\",\"dateModified\":\"2026-03-20T10:17:33+00:00\",\"breadcrumb\":{\"@id\":\"https:\\\/\\\/tc-offroad-trekking.de\\\/4x4\\\/toskana-camp\\\/#breadcrumb\"},\"inLanguage\":\"de\",\"potentialAction\":[{\"@type\":\"ReadAction\",\"target\":[\"https:\\\/\\\/tc-offroad-trekking.de\\\/4x4\\\/toskana-camp\\\/\"]}]},{\"@type\":\"BreadcrumbList\",\"@id\":\"https:\\\/\\\/tc-offroad-trekking.de\\\/4x4\\\/toskana-camp\\\/#breadcrumb\",\"itemListElement\":[{\"@type\":\"ListItem\",\"position\":1,\"name\":\"Home\",\"item\":\"https:\\\/\\\/tc-offroad-trekking.de\\\/4x4\\\/\"},{\"@type\":\"ListItem\",\"position\":2,\"name\":\"Toskana-Trekking-Tour\"}]},{\"@type\":\"WebSite\",\"@id\":\"https:\\\/\\\/tc-offroad-trekking.de\\\/4x4\\\/#website\",\"url\":\"https:\\\/\\\/tc-offroad-trekking.de\\\/4x4\\\/\",\"name\":\"Offroad Reisen, TC-Offroad-Trekking, Offroad Touren & Offroad Training\",\"description\":\"4x4 Reisen und 4x4-Trainings\",\"publisher\":{\"@id\":\"https:\\\/\\\/tc-offroad-trekking.de\\\/4x4\\\/#organization\"},\"alternateName\":\"Offroad Reisen TC-Offroad-Trekking\",\"potentialAction\":[{\"@type\":\"SearchAction\",\"target\":{\"@type\":\"EntryPoint\",\"urlTemplate\":\"https:\\\/\\\/tc-offroad-trekking.de\\\/4x4\\\/?s={search_term_string}\"},\"query-input\":{\"@type\":\"PropertyValueSpecification\",\"valueRequired\":true,\"valueName\":\"search_term_string\"}}],\"inLanguage\":\"de\"},{\"@type\":\"Organization\",\"@id\":\"https:\\\/\\\/tc-offroad-trekking.de\\\/4x4\\\/#organization\",\"name\":\"TC-Offroad-Trekking\",\"alternateName\":\"TC Offroad Reisen\",\"url\":\"https:\\\/\\\/tc-offroad-trekking.de\\\/4x4\\\/\",\"logo\":{\"@type\":\"ImageObject\",\"inLanguage\":\"de\",\"@id\":\"https:\\\/\\\/tc-offroad-trekking.de\\\/4x4\\\/#\\\/schema\\\/logo\\\/image\\\/\",\"url\":\"https:\\\/\\\/tc-offroad-trekking.de\\\/4x4\\\/wp-content\\\/uploads\\\/2024\\\/06\\\/logo-tc-quadratisch.png\",\"contentUrl\":\"https:\\\/\\\/tc-offroad-trekking.de\\\/4x4\\\/wp-content\\\/uploads\\\/2024\\\/06\\\/logo-tc-quadratisch.png\",\"width\":312,\"height\":312,\"caption\":\"TC-Offroad-Trekking\"},\"image\":{\"@id\":\"https:\\\/\\\/tc-offroad-trekking.de\\\/4x4\\\/#\\\/schema\\\/logo\\\/image\\\/\"},\"sameAs\":[\"https:\\\/\\\/www.facebook.com\\\/tcoffroadtrekking\\\/\"],\"description\":\"Auf alten Schmugglerpfaden durch die Pyren\u00e4en, in den Alpen \u00fcber das Dach Europas, in den Karpaten den Wolfspuren durch Transsilvanien folgen, und in der Sahara den hei\u00dfen Atem der gr\u00f6\u00dften W\u00fcste Afrikas sp\u00fcren! Im Winter mit rasselnden Schneeketten durch die tief verschneiten W\u00e4lder Rum\u00e4niens, im Fr\u00fchjahr durch die bl\u00fchende Toskana mit \u00dcbernachtungen auf romantischen Weing\u00fctern, im Sommer auf alten Milit\u00e4rpisten \u00fcber die Westalpen und im Herbst durch die farbenpr\u00e4chtigen Schluchten des Balkans! Das sind die Offroad-Reisen von TC-Offroad-Trekking. In Deutschland vermitteln wir in den sch\u00f6nsten Offroad-Parks bei unseren Offroad-Trainings das Know-how aus \u00fcber 25 Jahren Offroad-Reisen mit uns.\",\"email\":\"info@tc-offroad-trekking.de\",\"telephone\":\"04444 988125\",\"legalName\":\"TC-Offroad-Trekking GmbH\",\"vatID\":\"DE281182191\",\"taxID\":\"68\\\/215\\\/01576\",\"numberOfEmployees\":{\"@type\":\"QuantitativeValue\",\"minValue\":\"1\",\"maxValue\":\"10\"},\"publishingPrinciples\":\"https:\\\/\\\/tc-offroad-trekking.de\\\/4x4\\\/termine\\\/\",\"ownershipFundingInfo\":\"https:\\\/\\\/tc-offroad-trekking.de\\\/4x4\\\/impressum\\\/\",\"ethicsPolicy\":\"https:\\\/\\\/tc-offroad-trekking.de\\\/4x4\\\/datenschutz\\\/\",\"diversityPolicy\":\"https:\\\/\\\/tc-offroad-trekking.de\\\/4x4\\\/agb\\\/\"}]}<\/script>\n<!-- \/ Yoast SEO Premium plugin. -->","yoast_head_json":{"title":"Toskana Trekking Tour, Offroad Toskana, 4x4 Toskana Camp, TC Offroad, Offroad Reise, Offroad Abenteuer, 4x4 Training","robots":{"index":"index","follow":"follow","max-snippet":"max-snippet:-1","max-image-preview":"max-image-preview:large","max-video-preview":"max-video-preview:-1"},"canonical":"https:\/\/tc-offroad-trekking.de\/4x4\/toskana-camp\/","og_locale":"de_DE","og_type":"article","og_title":"Toskana-Trekking-Tour","og_description":"Durch das Land der Tr\u00e4ume... Toskana-Trekking-Tour Wenn Tr\u00e4ume zu Zielen werden\u2026 dann stehen ganz oben auf der Liste die traumhaften Panorama-Tracks der Toskana! Ausgewaschene Offroad-Tracks durch knorrige Maronen-W\u00e4lder\u2026, uralte Maultierpfade, die sich durch gr\u00fcne Olivenhaine schl\u00e4ngeln\u2026, vergessene Pilgerwege, auf denen vor Jahrhunderten Wallfahrer zu heute verlassenen Kl\u00f6stern zogen, \u2026staubige Pisten vorbei an bl\u00fchendem Mohn und [&hellip;]","og_url":"https:\/\/tc-offroad-trekking.de\/4x4\/toskana-camp\/","og_site_name":"Offroad Reisen | TC-OFFROAD-TREKKING | Touren &amp; Training in Europa","article_publisher":"https:\/\/www.facebook.com\/tcoffroadtrekking\/","article_modified_time":"2026-03-20T10:17:33+00:00","og_image":[{"width":1600,"height":400,"url":"https:\/\/tc-offroad-trekking.de\/4x4\/wp-content\/uploads\/2024\/04\/tc-startbild-neu.jpg","type":"image\/jpeg"}],"twitter_card":"summary_large_image","twitter_misc":{"Gesch\u00e4tzte Lesezeit":"6\u00a0Minuten"},"schema":{"@context":"https:\/\/schema.org","@graph":[{"@type":"WebPage","@id":"https:\/\/tc-offroad-trekking.de\/4x4\/toskana-camp\/","url":"https:\/\/tc-offroad-trekking.de\/4x4\/toskana-camp\/","name":"Toskana Trekking Tour, Offroad Toskana, 4x4 Toskana Camp, TC Offroad, Offroad Reise, Offroad Abenteuer, 4x4 Training","isPartOf":{"@id":"https:\/\/tc-offroad-trekking.de\/4x4\/#website"},"datePublished":"2024-03-27T13:08:26+00:00","dateModified":"2026-03-20T10:17:33+00:00","breadcrumb":{"@id":"https:\/\/tc-offroad-trekking.de\/4x4\/toskana-camp\/#breadcrumb"},"inLanguage":"de","potentialAction":[{"@type":"ReadAction","target":["https:\/\/tc-offroad-trekking.de\/4x4\/toskana-camp\/"]}]},{"@type":"BreadcrumbList","@id":"https:\/\/tc-offroad-trekking.de\/4x4\/toskana-camp\/#breadcrumb","itemListElement":[{"@type":"ListItem","position":1,"name":"Home","item":"https:\/\/tc-offroad-trekking.de\/4x4\/"},{"@type":"ListItem","position":2,"name":"Toskana-Trekking-Tour"}]},{"@type":"WebSite","@id":"https:\/\/tc-offroad-trekking.de\/4x4\/#website","url":"https:\/\/tc-offroad-trekking.de\/4x4\/","name":"Offroad Reisen, TC-Offroad-Trekking, Offroad Touren & Offroad Training","description":"4x4 Reisen und 4x4-Trainings","publisher":{"@id":"https:\/\/tc-offroad-trekking.de\/4x4\/#organization"},"alternateName":"Offroad Reisen TC-Offroad-Trekking","potentialAction":[{"@type":"SearchAction","target":{"@type":"EntryPoint","urlTemplate":"https:\/\/tc-offroad-trekking.de\/4x4\/?s={search_term_string}"},"query-input":{"@type":"PropertyValueSpecification","valueRequired":true,"valueName":"search_term_string"}}],"inLanguage":"de"},{"@type":"Organization","@id":"https:\/\/tc-offroad-trekking.de\/4x4\/#organization","name":"TC-Offroad-Trekking","alternateName":"TC Offroad Reisen","url":"https:\/\/tc-offroad-trekking.de\/4x4\/","logo":{"@type":"ImageObject","inLanguage":"de","@id":"https:\/\/tc-offroad-trekking.de\/4x4\/#\/schema\/logo\/image\/","url":"https:\/\/tc-offroad-trekking.de\/4x4\/wp-content\/uploads\/2024\/06\/logo-tc-quadratisch.png","contentUrl":"https:\/\/tc-offroad-trekking.de\/4x4\/wp-content\/uploads\/2024\/06\/logo-tc-quadratisch.png","width":312,"height":312,"caption":"TC-Offroad-Trekking"},"image":{"@id":"https:\/\/tc-offroad-trekking.de\/4x4\/#\/schema\/logo\/image\/"},"sameAs":["https:\/\/www.facebook.com\/tcoffroadtrekking\/"],"description":"Auf alten Schmugglerpfaden durch die Pyren\u00e4en, in den Alpen \u00fcber das Dach Europas, in den Karpaten den Wolfspuren durch Transsilvanien folgen, und in der Sahara den hei\u00dfen Atem der gr\u00f6\u00dften W\u00fcste Afrikas sp\u00fcren! Im Winter mit rasselnden Schneeketten durch die tief verschneiten W\u00e4lder Rum\u00e4niens, im Fr\u00fchjahr durch die bl\u00fchende Toskana mit \u00dcbernachtungen auf romantischen Weing\u00fctern, im Sommer auf alten Milit\u00e4rpisten \u00fcber die Westalpen und im Herbst durch die farbenpr\u00e4chtigen Schluchten des Balkans! Das sind die Offroad-Reisen von TC-Offroad-Trekking. In Deutschland vermitteln wir in den sch\u00f6nsten Offroad-Parks bei unseren Offroad-Trainings das Know-how aus \u00fcber 25 Jahren Offroad-Reisen mit uns.","email":"info@tc-offroad-trekking.de","telephone":"04444 988125","legalName":"TC-Offroad-Trekking GmbH","vatID":"DE281182191","taxID":"68\/215\/01576","numberOfEmployees":{"@type":"QuantitativeValue","minValue":"1","maxValue":"10"},"publishingPrinciples":"https:\/\/tc-offroad-trekking.de\/4x4\/termine\/","ownershipFundingInfo":"https:\/\/tc-offroad-trekking.de\/4x4\/impressum\/","ethicsPolicy":"https:\/\/tc-offroad-trekking.de\/4x4\/datenschutz\/","diversityPolicy":"https:\/\/tc-offroad-trekking.de\/4x4\/agb\/"}]}},"_links":{"self":[{"href":"https:\/\/tc-offroad-trekking.de\/4x4\/wp-json\/wp\/v2\/pages\/1433","targetHints":{"allow":["GET"]}}],"collection":[{"href":"https:\/\/tc-offroad-trekking.de\/4x4\/wp-json\/wp\/v2\/pages"}],"about":[{"href":"https:\/\/tc-offroad-trekking.de\/4x4\/wp-json\/wp\/v2\/types\/page"}],"author":[{"embeddable":true,"href":"https:\/\/tc-offroad-trekking.de\/4x4\/wp-json\/wp\/v2\/users\/1"}],"replies":[{"embeddable":true,"href":"https:\/\/tc-offroad-trekking.de\/4x4\/wp-json\/wp\/v2\/comments?post=1433"}],"version-history":[{"count":38,"href":"https:\/\/tc-offroad-trekking.de\/4x4\/wp-json\/wp\/v2\/pages\/1433\/revisions"}],"predecessor-version":[{"id":5550,"href":"https:\/\/tc-offroad-trekking.de\/4x4\/wp-json\/wp\/v2\/pages\/1433\/revisions\/5550"}],"wp:attachment":[{"href":"https:\/\/tc-offroad-trekking.de\/4x4\/wp-json\/wp\/v2\/media?parent=1433"}],"curies":[{"name":"wp","href":"https:\/\/api.w.org\/{rel}","templated":true}]}}