{"id":1878,"date":"2024-04-05T11:18:57","date_gmt":"2024-04-05T09:18:57","guid":{"rendered":"https:\/\/tc-offroad-trekking.de\/4x4\/?page_id=1878"},"modified":"2025-11-12T16:14:32","modified_gmt":"2025-11-12T15:14:32","slug":"ladies-camp","status":"publish","type":"page","link":"https:\/\/tc-offroad-trekking.de\/4x4\/ladies-camp\/","title":{"rendered":"LADIES-Offroad-Trainingscamp"},"content":{"rendered":"<p>[et_pb_section fb_built=&#8220;1&#8243; admin_label=&#8220;section&#8220; _builder_version=&#8220;4.24.3&#8243; background_enable_image=&#8220;off&#8220; background_blend=&#8220;saturation&#8220; width=&#8220;100%&#8220; module_alignment=&#8220;center&#8220; height=&#8220;100%&#8220; custom_margin=&#8220;0px||0px||false|false&#8220; custom_margin_tablet=&#8220;0px||0px||false|false&#8220; custom_margin_phone=&#8220;0px||0px||false|false&#8220; custom_margin_last_edited=&#8220;on|phone&#8220; custom_padding=&#8220;0px||0px||false|false&#8220; global_colors_info=&#8220;{}&#8220;][et_pb_row _builder_version=&#8220;4.24.3&#8243; _module_preset=&#8220;default&#8220; positioning=&#8220;none&#8220; width=&#8220;100%&#8220; max_width=&#8220;100%&#8220; custom_margin=&#8220;0px|auto|0px|auto|false|false&#8220; custom_margin_tablet=&#8220;0px|auto|0px|auto|false|false&#8220; custom_margin_phone=&#8220;0px|auto|0px|auto|false|false&#8220; custom_margin_last_edited=&#8220;on|phone&#8220; custom_padding=&#8220;0px||0px||false|false&#8220; global_colors_info=&#8220;{}&#8220;][et_pb_column type=&#8220;4_4&#8243; _builder_version=&#8220;4.23.4&#8243; _module_preset=&#8220;default&#8220; global_colors_info=&#8220;{}&#8220;][et_pb_image src=&#8220;https:\/\/tc-offroad-trekking.de\/4&#215;4\/wp-content\/uploads\/2024\/03\/start_white_unten_wave_02-2.png&#8220; alt=&#8220;TC-Offroad-Trekking, Alpen, Alpen\u00fcberquerung, Offroad Reise, Offroad-Tour, 4&#215;4&#8243; title_text=&#8220;Ladies-Camp-Titelbild&#8220; show_bottom_space=&#8220;off&#8220; force_fullwidth=&#8220;on&#8220; src_tablet=&#8220;https:\/\/tc-offroad-trekking.de\/4&#215;4\/wp-content\/uploads\/2024\/03\/start_white_unten_wave_02-2.png&#8220; src_phone=&#8220;https:\/\/tc-offroad-trekking.de\/4&#215;4\/wp-content\/uploads\/2024\/04\/Ladies-Camp-Titelbild.jpg&#8220; src_last_edited=&#8220;on|phone&#8220; _builder_version=&#8220;4.24.3&#8243; _module_preset=&#8220;default&#8220; background_image=&#8220;https:\/\/tc-offroad-trekking.de\/4&#215;4\/wp-content\/uploads\/2024\/04\/Ladies-Training-Titelbild.jpg&#8220; min_height=&#8220;100%&#8220; custom_margin=&#8220;60px||0px||false|false&#8220; custom_margin_tablet=&#8220;14px||0px||false|false&#8220; custom_margin_phone=&#8220;90px||0px||false|false&#8220; custom_margin_last_edited=&#8220;on|phone&#8220; custom_padding=&#8220;322px||0px||false|false&#8220; custom_padding_tablet=&#8220;322px||0px||false|false&#8220; custom_padding_phone=&#8220;0px||0px||false|false&#8220; custom_padding_last_edited=&#8220;on|phone&#8220; background_last_edited=&#8220;on|phone&#8220; background_enable_image_phone=&#8220;off&#8220; global_colors_info=&#8220;{}&#8220;][\/et_pb_image][\/et_pb_column][\/et_pb_row][\/et_pb_section][et_pb_section fb_built=&#8220;1&#8243; custom_padding_last_edited=&#8220;on|phone&#8220; _builder_version=&#8220;4.24.3&#8243; _module_preset=&#8220;default&#8220; max_height=&#8220;150px&#8220; custom_margin=&#8220;||-44px|||&#8220; custom_margin_tablet=&#8220;0px||||false|false&#8220; custom_margin_phone=&#8220;0px||0px||false|false&#8220; custom_margin_last_edited=&#8220;on|phone&#8220; custom_padding=&#8220;8px||13px|||&#8220; custom_padding_tablet=&#8220;8px||13px|||&#8220; custom_padding_phone=&#8220;0px||0px||false|false&#8220; global_colors_info=&#8220;{}&#8220;][et_pb_row _builder_version=&#8220;4.23.4&#8243; _module_preset=&#8220;default&#8220; custom_margin=&#8220;-20px|auto||auto||&#8220; custom_padding=&#8220;4px|||||&#8220; global_colors_info=&#8220;{}&#8220;][et_pb_column type=&#8220;4_4&#8243; _builder_version=&#8220;4.23.4&#8243; _module_preset=&#8220;default&#8220; global_colors_info=&#8220;{}&#8220;][et_pb_text content_tablet=&#8220;<\/p>\n<div class=%22auswahlseite%22 style=%22text-align: left;%22>\n<h3>Gel\u00e4ndewagen-Fahrschule<\/h3>\n<h1>Ladies-Offroad-Trainingscamp<\/h1>\n<\/div>\n<p>&#8220; content_phone=&#8220;<\/p>\n<div class=%22auswahlseite%22 style=%22text-align: left;%22>\n<h3>Gel\u00e4ndewagen-Fahrschule<\/h3>\n<h1>Ladies-Offroad-Trainingscamp<\/h1>\n<\/div>\n<p>&#8220; content_last_edited=&#8220;on|phone&#8220; _builder_version=&#8220;4.24.3&#8243; _module_preset=&#8220;default&#8220; background_enable_image=&#8220;off&#8220; background_size=&#8220;initial&#8220; text_orientation=&#8220;center&#8220; min_height=&#8220;101%&#8220; height=&#8220;100%&#8220; custom_margin=&#8220;0px||0px||false|false&#8220; custom_margin_tablet=&#8220;0px||0px||false|false&#8220; custom_margin_phone=&#8220;15px||||false|false&#8220; custom_margin_last_edited=&#8220;on|phone&#8220; custom_padding=&#8220;0px||0px|||&#8220; global_colors_info=&#8220;{}&#8220;]<\/p>\n<div class=\"auswahlseite\" style=\"text-align: left;\">\n<h3>Gel\u00e4ndewagen-Fahrschule<\/h3>\n<h1>Ladies-Offroad-Trainingscamp<\/h1>\n<\/div>\n<p>[\/et_pb_text][\/et_pb_column][\/et_pb_row][\/et_pb_section][et_pb_section fb_built=&#8220;1&#8243; _builder_version=&#8220;4.23.4&#8243; _module_preset=&#8220;default&#8220; background_image=&#8220;https:\/\/tc-offroad-trekking.de\/4&#215;4\/wp-content\/uploads\/2024\/01\/background_00_01-weiss-2.jpg&#8220; background_size=&#8220;stretch&#8220; width=&#8220;100%&#8220; custom_padding=&#8220;0px||4px|||&#8220; background_last_edited=&#8220;on|desktop&#8220; global_colors_info=&#8220;{}&#8220;][et_pb_row column_structure=&#8220;2_3,1_3&#8243; _builder_version=&#8220;4.24.3&#8243; _module_preset=&#8220;default&#8220; custom_margin=&#8220;-16px|auto||auto||&#8220; custom_padding=&#8220;15px||0px|||&#8220; hover_transition_speed_curve=&#8220;ease-in-out&#8220; global_colors_info=&#8220;{}&#8220;][et_pb_column type=&#8220;2_3&#8243; _builder_version=&#8220;4.23.4&#8243; _module_preset=&#8220;default&#8220; global_colors_info=&#8220;{}&#8220;][et_pb_text _builder_version=&#8220;4.24.3&#8243; _module_preset=&#8220;default&#8220; custom_margin_tablet=&#8220;&#8220; custom_margin_phone=&#8220;0px||0px||false|false&#8220; custom_margin_last_edited=&#8220;on|tablet&#8220; custom_padding_tablet=&#8220;&#8220; custom_padding_phone=&#8220;0px||0px||false|false&#8220; custom_padding_last_edited=&#8220;on|desktop&#8220; global_colors_info=&#8220;{}&#8220;]<\/p>\n<p>Im Rahmen unserer \u201eGrossen Offroad-Trainingscamps\u201c teilen wir das Teilnehmerfeld in kleinere Gruppen ein, um einen individuellen Trainingserfolg zu erzielen. An ausgew\u00e4hlten Terminen werden wir hierbei zuk\u00fcnftig auch ein reines \u201eLady-Team\u201c aufstellen. Diese Teams werden von unseren weiblichen TC-Scouts durchs Gel\u00e4nde begleitet. Hierbei werden wir besonders auf die individuellen Trainingsw\u00fcnsche von \u201eOffroad-Ladies\u201c eingehen.<br \/>Hierf\u00fcr steht uns das wohl sch\u00f6nste Offroad-Areal Deutschlands mit einer Gr\u00f6\u00dfe von \u00fcber 54 Hektar (!) zur Verf\u00fcgung. Eingebettet in dichte W\u00e4lder und so gro\u00df, dass man stundenlang fahren kann, ohne zweimal an die gleiche Stelle zu kommen!<\/p>\n<p>Mitten im Wald gelegen, bietet es als ehemaliges Fahrschulgel\u00e4nde der ostdeutschen Streitkr\u00e4fte realistische Gel\u00e4ndebedingungen in allen Schwierigkeitsgraden.<\/p>\n<p>Tags\u00fcber wird den Teilnehmerinnen ein bis ins Detail ausgearbeitetes Gel\u00e4nde-Fahrtraining geboten: Vom gekonnten \u00dcberwinden verschiedener Gel\u00e4ndesituationen wie Sand, Morast, Steigungen, Schr\u00e4gfahrten bis hin zum Bergen eines festgefahrenen Gel\u00e4ndewagens. Zahlreiche Tipps und Tricks werden vermittelt. Offroad-Spezialger\u00e4te wie Seilwinden, Greifz\u00fcge, Hi-Lifts, Sandbleche, Gleitschutzketten, normale und kinetische Bergegurte etc. werden erkl\u00e4rt und deren Anwendung im praktischen Einsatz veranschaulicht.<\/p>\n<p>Abends trifft man sich am prasselnden Lagerfeuer und tauscht bei echter Camp-Atmosph\u00e4re die Eindr\u00fccke und Erfahrungen des Tages aus. Unsere Instruktorinnen beantworten am Lagerfeuer alle Fragen rund um das Reisen mit dem Gel\u00e4ndewagen.<\/p>\n<p>Wer m\u00f6chte kann im Anschlu\u00df mit uns an beiden Abenden zu einer besonders eindrucksvollen Offroad-Nacht-Fahrt \u00fcber das weitl\u00e4ufige Gel\u00e4nde starten!<\/p>\n<p>Passend zum Offroad-Charakter des Fahrseminars \u00fcbernachten wir in Blockh\u00e4usern mit gepflegten Doppel-Zimmern direkt auf dem Gel\u00e4nde. Einzelfahrerinnen erhalten auf Wunsch selbstverst\u00e4ndlich ein Einzelzimmer. Alternativ k\u00f6nnen Sie auch in einem Hotel in der N\u00e4he des Fahrgel\u00e4ndes \u00fcbernachten oder auf dem Gel\u00e4nde campen.<\/p>\n<p>Ausgebildet werden Sie von erfahrenen Offroad-Scouts, die gleichzeitig unsere Gel\u00e4ndewagen-Reisen leiten. TC-Offroad-Trekking f\u00fchrt pro Jahr so viele<span>\u00a0<\/span><a href=\"https:\/\/tc-offroad-trekking.de\/4x4\/alpenueberquerung-hotel-details\/\">Alpen-\u00dcberquerungen<\/a>,<span>\u00a0<\/span><a href=\"https:\/\/tc-offroad-trekking.de\/4x4\/pyrenaeen\/\">Pyren\u00e4en-<\/a><span>\u00a0<\/span>und<span>\u00a0<\/span><a href=\"https:\/\/tc-offroad-trekking.de\/4x4\/karpatenueberquerung-details\/\">Karpaten-Touren<\/a><span>\u00a0<\/span>durch wie kaum ein anderer. Wir bieten Gel\u00e4ndewagen-Reisen durch die Sahara und nach Island an und in den vergangenen 20 Jahren (!) wurden von uns ungez\u00e4hlte Offroad-Reisen und Gel\u00e4ndewagen-Expeditionen geleitet. Die Instruktoren von TC-Offroad-Trekking verf\u00fcgen deshalb \u00fcber einen Erfahrungsschatz, der in Europa seinesgleichen sucht!<\/p>\n<p>[\/et_pb_text][\/et_pb_column][et_pb_column type=&#8220;1_3&#8243; _builder_version=&#8220;4.23.4&#8243; _module_preset=&#8220;default&#8220; global_colors_info=&#8220;{}&#8220;][et_pb_gallery gallery_ids=&#8220;1883,1884,1885,1886,1887,1888&#8243; show_title_and_caption=&#8220;off&#8220; show_pagination=&#8220;off&#8220; _builder_version=&#8220;4.24.3&#8243; _module_preset=&#8220;ec1fb7a4-dbe6-4c17-a432-9c91af8753fa&#8220; width=&#8220;100%&#8220; custom_margin=&#8220;42px||||false|false&#8220; global_colors_info=&#8220;{}&#8220;][\/et_pb_gallery][\/et_pb_column][\/et_pb_row][\/et_pb_section][et_pb_section fb_built=&#8220;1&#8243; _builder_version=&#8220;4.23.4&#8243; _module_preset=&#8220;default&#8220; background_image=&#8220;https:\/\/tc-offroad-trekking.de\/4&#215;4\/wp-content\/uploads\/2024\/04\/Trainingscamp-unten.jpg&#8220; parallax=&#8220;on&#8220; custom_margin=&#8220;1px|||||&#8220; custom_padding=&#8220;0px|||||&#8220; global_colors_info=&#8220;{}&#8220;][et_pb_row _builder_version=&#8220;4.24.3&#8243; _module_preset=&#8220;default&#8220; background_enable_image=&#8220;off&#8220; width=&#8220;100%&#8220; max_width=&#8220;100%&#8220; min_height=&#8220;123px&#8220; custom_padding=&#8220;0px|||||&#8220; global_colors_info=&#8220;{}&#8220;][et_pb_column type=&#8220;4_4&#8243; _builder_version=&#8220;4.23.4&#8243; _module_preset=&#8220;default&#8220; global_colors_info=&#8220;{}&#8220;][et_pb_image src=&#8220;https:\/\/tc-offroad-trekking.de\/4&#215;4\/wp-content\/uploads\/2024\/03\/spritzer-unterseite_1920x110.png&#8220; title_text=&#8220;spritzer-unterseite_1920x110&#8243; _builder_version=&#8220;4.24.3&#8243; _module_preset=&#8220;default&#8220; custom_padding=&#8220;0px|||||&#8220; global_colors_info=&#8220;{}&#8220;][\/et_pb_image][\/et_pb_column][\/et_pb_row][et_pb_row column_structure=&#8220;1_2,1_2&#8243; _builder_version=&#8220;4.23.4&#8243; _module_preset=&#8220;default&#8220; min_height=&#8220;310.2px&#8220; custom_padding=&#8220;14px|||||&#8220; global_colors_info=&#8220;{}&#8220;][et_pb_column type=&#8220;1_2&#8243; _builder_version=&#8220;4.23.4&#8243; _module_preset=&#8220;default&#8220; global_colors_info=&#8220;{}&#8220;][et_pb_text _builder_version=&#8220;4.24.3&#8243; _module_preset=&#8220;default&#8220; background_color=&#8220;rgba(15,15,15,0.42)&#8220; background_enable_image=&#8220;off&#8220; background_size=&#8220;stretch&#8220; custom_padding=&#8220;10px|10px|10px|10px|true|true&#8220; hover_enabled=&#8220;0&#8243; border_radii=&#8220;on|10px|10px|10px|10px&#8220; global_colors_info=&#8220;{}&#8220; sticky_enabled=&#8220;0&#8243;]<\/p>\n<div class=\"starttext\">\n<h2><\/h2>\n<h3>Termine<\/h3>\n<p>27.-29. M\u00e4rz 2026<br \/>\n08.-10. Mai 2026<br \/>\n11.-13. September 2026<br \/>\n23.-25. Oktober 2026<br \/>\n&nbsp;<\/p>\n<\/div>\n<div class=\"starttext\">\n<h3>Mehr Infos &gt;&gt;<\/h3>\n<h2><a href=\"\/4x4\/ladies-camp-details\" style=\"font-weight: normal;\">Details &amp; Preise<\/a><\/h2>\n<\/div>\n<p>[\/et_pb_text][\/et_pb_column][et_pb_column type=&#8220;1_2&#8243; _builder_version=&#8220;4.23.4&#8243; _module_preset=&#8220;default&#8220; global_colors_info=&#8220;{}&#8220;][\/et_pb_column][\/et_pb_row][\/et_pb_section]<\/p>\n","protected":false},"excerpt":{"rendered":"<p>Gel\u00e4ndewagen-Fahrschule Ladies-Offroad-Trainingscamp Im Rahmen unserer \u201eGrossen Offroad-Trainingscamps\u201c teilen wir das Teilnehmerfeld in kleinere Gruppen ein, um einen individuellen Trainingserfolg zu erzielen. An ausgew\u00e4hlten Terminen werden wir hierbei zuk\u00fcnftig auch ein reines \u201eLady-Team\u201c aufstellen. Diese Teams werden von unseren weiblichen TC-Scouts durchs Gel\u00e4nde begleitet. Hierbei werden wir besonders auf die individuellen Trainingsw\u00fcnsche von \u201eOffroad-Ladies\u201c eingehen.Hierf\u00fcr steht [&hellip;]<\/p>\n","protected":false},"author":1,"featured_media":0,"parent":0,"menu_order":0,"comment_status":"closed","ping_status":"closed","template":"","meta":{"_et_pb_use_builder":"on","_et_pb_old_content":"","_et_gb_content_width":"","_exactmetrics_skip_tracking":false,"_exactmetrics_sitenote_active":false,"_exactmetrics_sitenote_note":"","_exactmetrics_sitenote_category":0,"footnotes":""},"class_list":["post-1878","page","type-page","status-publish","hentry"],"yoast_head":"<!-- This site is optimized with the Yoast SEO Premium plugin v26.6 (Yoast SEO v27.4) - https:\/\/yoast.com\/product\/yoast-seo-premium-wordpress\/ -->\n<title>Offroad Training, 4x4 Schrauberkurs, Grosses Offroad-Training, Ladies-Training 4x4, 4x4 Schrauberkurs, Allrad Aktiv!<\/title>\n<meta name=\"robots\" content=\"index, follow, max-snippet:-1, max-image-preview:large, max-video-preview:-1\" \/>\n<link rel=\"canonical\" href=\"https:\/\/tc-offroad-trekking.de\/4x4\/ladies-camp\/\" \/>\n<meta property=\"og:locale\" content=\"de_DE\" \/>\n<meta property=\"og:type\" content=\"article\" \/>\n<meta property=\"og:title\" content=\"LADIES-Offroad-Trainingscamp\" \/>\n<meta property=\"og:description\" content=\"Gel\u00e4ndewagen-Fahrschule Ladies-Offroad-Trainingscamp Im Rahmen unserer \u201eGrossen Offroad-Trainingscamps\u201c teilen wir das Teilnehmerfeld in kleinere Gruppen ein, um einen individuellen Trainingserfolg zu erzielen. An ausgew\u00e4hlten Terminen werden wir hierbei zuk\u00fcnftig auch ein reines \u201eLady-Team\u201c aufstellen. Diese Teams werden von unseren weiblichen TC-Scouts durchs Gel\u00e4nde begleitet. Hierbei werden wir besonders auf die individuellen Trainingsw\u00fcnsche von \u201eOffroad-Ladies\u201c eingehen.Hierf\u00fcr steht [&hellip;]\" \/>\n<meta property=\"og:url\" content=\"https:\/\/tc-offroad-trekking.de\/4x4\/ladies-camp\/\" \/>\n<meta property=\"og:site_name\" content=\"Offroad Reisen | TC-OFFROAD-TREKKING | Touren &amp; Training in Europa\" \/>\n<meta property=\"article:publisher\" content=\"https:\/\/www.facebook.com\/tcoffroadtrekking\/\" \/>\n<meta property=\"article:modified_time\" content=\"2025-11-12T15:14:32+00:00\" \/>\n<meta property=\"og:image\" content=\"https:\/\/tc-offroad-trekking.de\/4x4\/wp-content\/uploads\/2024\/04\/tc-startbild-neu.jpg\" \/>\n\t<meta property=\"og:image:width\" content=\"1600\" \/>\n\t<meta property=\"og:image:height\" content=\"400\" \/>\n\t<meta property=\"og:image:type\" content=\"image\/jpeg\" \/>\n<meta name=\"twitter:card\" content=\"summary_large_image\" \/>\n<meta name=\"twitter:label1\" content=\"Gesch\u00e4tzte Lesezeit\" \/>\n\t<meta name=\"twitter:data1\" content=\"6\u00a0Minuten\" \/>\n<script type=\"application\/ld+json\" class=\"yoast-schema-graph\">{\"@context\":\"https:\\\/\\\/schema.org\",\"@graph\":[{\"@type\":\"WebPage\",\"@id\":\"https:\\\/\\\/tc-offroad-trekking.de\\\/4x4\\\/ladies-camp\\\/\",\"url\":\"https:\\\/\\\/tc-offroad-trekking.de\\\/4x4\\\/ladies-camp\\\/\",\"name\":\"Offroad Training, 4x4 Schrauberkurs, Grosses Offroad-Training, Ladies-Training 4x4, 4x4 Schrauberkurs, Allrad Aktiv!\",\"isPartOf\":{\"@id\":\"https:\\\/\\\/tc-offroad-trekking.de\\\/4x4\\\/#website\"},\"datePublished\":\"2024-04-05T09:18:57+00:00\",\"dateModified\":\"2025-11-12T15:14:32+00:00\",\"breadcrumb\":{\"@id\":\"https:\\\/\\\/tc-offroad-trekking.de\\\/4x4\\\/ladies-camp\\\/#breadcrumb\"},\"inLanguage\":\"de\",\"potentialAction\":[{\"@type\":\"ReadAction\",\"target\":[\"https:\\\/\\\/tc-offroad-trekking.de\\\/4x4\\\/ladies-camp\\\/\"]}]},{\"@type\":\"BreadcrumbList\",\"@id\":\"https:\\\/\\\/tc-offroad-trekking.de\\\/4x4\\\/ladies-camp\\\/#breadcrumb\",\"itemListElement\":[{\"@type\":\"ListItem\",\"position\":1,\"name\":\"Home\",\"item\":\"https:\\\/\\\/tc-offroad-trekking.de\\\/4x4\\\/\"},{\"@type\":\"ListItem\",\"position\":2,\"name\":\"LADIES-Offroad-Trainingscamp\"}]},{\"@type\":\"WebSite\",\"@id\":\"https:\\\/\\\/tc-offroad-trekking.de\\\/4x4\\\/#website\",\"url\":\"https:\\\/\\\/tc-offroad-trekking.de\\\/4x4\\\/\",\"name\":\"Offroad Reisen, TC-Offroad-Trekking, Offroad Touren & Offroad Training\",\"description\":\"4x4 Reisen und 4x4-Trainings\",\"publisher\":{\"@id\":\"https:\\\/\\\/tc-offroad-trekking.de\\\/4x4\\\/#organization\"},\"alternateName\":\"Offroad Reisen TC-Offroad-Trekking\",\"potentialAction\":[{\"@type\":\"SearchAction\",\"target\":{\"@type\":\"EntryPoint\",\"urlTemplate\":\"https:\\\/\\\/tc-offroad-trekking.de\\\/4x4\\\/?s={search_term_string}\"},\"query-input\":{\"@type\":\"PropertyValueSpecification\",\"valueRequired\":true,\"valueName\":\"search_term_string\"}}],\"inLanguage\":\"de\"},{\"@type\":\"Organization\",\"@id\":\"https:\\\/\\\/tc-offroad-trekking.de\\\/4x4\\\/#organization\",\"name\":\"TC-Offroad-Trekking\",\"alternateName\":\"TC Offroad Reisen\",\"url\":\"https:\\\/\\\/tc-offroad-trekking.de\\\/4x4\\\/\",\"logo\":{\"@type\":\"ImageObject\",\"inLanguage\":\"de\",\"@id\":\"https:\\\/\\\/tc-offroad-trekking.de\\\/4x4\\\/#\\\/schema\\\/logo\\\/image\\\/\",\"url\":\"https:\\\/\\\/tc-offroad-trekking.de\\\/4x4\\\/wp-content\\\/uploads\\\/2024\\\/06\\\/logo-tc-quadratisch.png\",\"contentUrl\":\"https:\\\/\\\/tc-offroad-trekking.de\\\/4x4\\\/wp-content\\\/uploads\\\/2024\\\/06\\\/logo-tc-quadratisch.png\",\"width\":312,\"height\":312,\"caption\":\"TC-Offroad-Trekking\"},\"image\":{\"@id\":\"https:\\\/\\\/tc-offroad-trekking.de\\\/4x4\\\/#\\\/schema\\\/logo\\\/image\\\/\"},\"sameAs\":[\"https:\\\/\\\/www.facebook.com\\\/tcoffroadtrekking\\\/\"],\"description\":\"Auf alten Schmugglerpfaden durch die Pyren\u00e4en, in den Alpen \u00fcber das Dach Europas, in den Karpaten den Wolfspuren durch Transsilvanien folgen, und in der Sahara den hei\u00dfen Atem der gr\u00f6\u00dften W\u00fcste Afrikas sp\u00fcren! Im Winter mit rasselnden Schneeketten durch die tief verschneiten W\u00e4lder Rum\u00e4niens, im Fr\u00fchjahr durch die bl\u00fchende Toskana mit \u00dcbernachtungen auf romantischen Weing\u00fctern, im Sommer auf alten Milit\u00e4rpisten \u00fcber die Westalpen und im Herbst durch die farbenpr\u00e4chtigen Schluchten des Balkans! Das sind die Offroad-Reisen von TC-Offroad-Trekking. In Deutschland vermitteln wir in den sch\u00f6nsten Offroad-Parks bei unseren Offroad-Trainings das Know-how aus \u00fcber 25 Jahren Offroad-Reisen mit uns.\",\"email\":\"info@tc-offroad-trekking.de\",\"telephone\":\"04444 988125\",\"legalName\":\"TC-Offroad-Trekking GmbH\",\"vatID\":\"DE281182191\",\"taxID\":\"68\\\/215\\\/01576\",\"numberOfEmployees\":{\"@type\":\"QuantitativeValue\",\"minValue\":\"1\",\"maxValue\":\"10\"},\"publishingPrinciples\":\"https:\\\/\\\/tc-offroad-trekking.de\\\/4x4\\\/termine\\\/\",\"ownershipFundingInfo\":\"https:\\\/\\\/tc-offroad-trekking.de\\\/4x4\\\/impressum\\\/\",\"ethicsPolicy\":\"https:\\\/\\\/tc-offroad-trekking.de\\\/4x4\\\/datenschutz\\\/\",\"diversityPolicy\":\"https:\\\/\\\/tc-offroad-trekking.de\\\/4x4\\\/agb\\\/\"}]}<\/script>\n<!-- \/ Yoast SEO Premium plugin. -->","yoast_head_json":{"title":"Offroad Training, 4x4 Schrauberkurs, Grosses Offroad-Training, Ladies-Training 4x4, 4x4 Schrauberkurs, Allrad Aktiv!","robots":{"index":"index","follow":"follow","max-snippet":"max-snippet:-1","max-image-preview":"max-image-preview:large","max-video-preview":"max-video-preview:-1"},"canonical":"https:\/\/tc-offroad-trekking.de\/4x4\/ladies-camp\/","og_locale":"de_DE","og_type":"article","og_title":"LADIES-Offroad-Trainingscamp","og_description":"Gel\u00e4ndewagen-Fahrschule Ladies-Offroad-Trainingscamp Im Rahmen unserer \u201eGrossen Offroad-Trainingscamps\u201c teilen wir das Teilnehmerfeld in kleinere Gruppen ein, um einen individuellen Trainingserfolg zu erzielen. An ausgew\u00e4hlten Terminen werden wir hierbei zuk\u00fcnftig auch ein reines \u201eLady-Team\u201c aufstellen. Diese Teams werden von unseren weiblichen TC-Scouts durchs Gel\u00e4nde begleitet. Hierbei werden wir besonders auf die individuellen Trainingsw\u00fcnsche von \u201eOffroad-Ladies\u201c eingehen.Hierf\u00fcr steht [&hellip;]","og_url":"https:\/\/tc-offroad-trekking.de\/4x4\/ladies-camp\/","og_site_name":"Offroad Reisen | TC-OFFROAD-TREKKING | Touren &amp; Training in Europa","article_publisher":"https:\/\/www.facebook.com\/tcoffroadtrekking\/","article_modified_time":"2025-11-12T15:14:32+00:00","og_image":[{"width":1600,"height":400,"url":"https:\/\/tc-offroad-trekking.de\/4x4\/wp-content\/uploads\/2024\/04\/tc-startbild-neu.jpg","type":"image\/jpeg"}],"twitter_card":"summary_large_image","twitter_misc":{"Gesch\u00e4tzte Lesezeit":"6\u00a0Minuten"},"schema":{"@context":"https:\/\/schema.org","@graph":[{"@type":"WebPage","@id":"https:\/\/tc-offroad-trekking.de\/4x4\/ladies-camp\/","url":"https:\/\/tc-offroad-trekking.de\/4x4\/ladies-camp\/","name":"Offroad Training, 4x4 Schrauberkurs, Grosses Offroad-Training, Ladies-Training 4x4, 4x4 Schrauberkurs, Allrad Aktiv!","isPartOf":{"@id":"https:\/\/tc-offroad-trekking.de\/4x4\/#website"},"datePublished":"2024-04-05T09:18:57+00:00","dateModified":"2025-11-12T15:14:32+00:00","breadcrumb":{"@id":"https:\/\/tc-offroad-trekking.de\/4x4\/ladies-camp\/#breadcrumb"},"inLanguage":"de","potentialAction":[{"@type":"ReadAction","target":["https:\/\/tc-offroad-trekking.de\/4x4\/ladies-camp\/"]}]},{"@type":"BreadcrumbList","@id":"https:\/\/tc-offroad-trekking.de\/4x4\/ladies-camp\/#breadcrumb","itemListElement":[{"@type":"ListItem","position":1,"name":"Home","item":"https:\/\/tc-offroad-trekking.de\/4x4\/"},{"@type":"ListItem","position":2,"name":"LADIES-Offroad-Trainingscamp"}]},{"@type":"WebSite","@id":"https:\/\/tc-offroad-trekking.de\/4x4\/#website","url":"https:\/\/tc-offroad-trekking.de\/4x4\/","name":"Offroad Reisen, TC-Offroad-Trekking, Offroad Touren & Offroad Training","description":"4x4 Reisen und 4x4-Trainings","publisher":{"@id":"https:\/\/tc-offroad-trekking.de\/4x4\/#organization"},"alternateName":"Offroad Reisen TC-Offroad-Trekking","potentialAction":[{"@type":"SearchAction","target":{"@type":"EntryPoint","urlTemplate":"https:\/\/tc-offroad-trekking.de\/4x4\/?s={search_term_string}"},"query-input":{"@type":"PropertyValueSpecification","valueRequired":true,"valueName":"search_term_string"}}],"inLanguage":"de"},{"@type":"Organization","@id":"https:\/\/tc-offroad-trekking.de\/4x4\/#organization","name":"TC-Offroad-Trekking","alternateName":"TC Offroad Reisen","url":"https:\/\/tc-offroad-trekking.de\/4x4\/","logo":{"@type":"ImageObject","inLanguage":"de","@id":"https:\/\/tc-offroad-trekking.de\/4x4\/#\/schema\/logo\/image\/","url":"https:\/\/tc-offroad-trekking.de\/4x4\/wp-content\/uploads\/2024\/06\/logo-tc-quadratisch.png","contentUrl":"https:\/\/tc-offroad-trekking.de\/4x4\/wp-content\/uploads\/2024\/06\/logo-tc-quadratisch.png","width":312,"height":312,"caption":"TC-Offroad-Trekking"},"image":{"@id":"https:\/\/tc-offroad-trekking.de\/4x4\/#\/schema\/logo\/image\/"},"sameAs":["https:\/\/www.facebook.com\/tcoffroadtrekking\/"],"description":"Auf alten Schmugglerpfaden durch die Pyren\u00e4en, in den Alpen \u00fcber das Dach Europas, in den Karpaten den Wolfspuren durch Transsilvanien folgen, und in der Sahara den hei\u00dfen Atem der gr\u00f6\u00dften W\u00fcste Afrikas sp\u00fcren! Im Winter mit rasselnden Schneeketten durch die tief verschneiten W\u00e4lder Rum\u00e4niens, im Fr\u00fchjahr durch die bl\u00fchende Toskana mit \u00dcbernachtungen auf romantischen Weing\u00fctern, im Sommer auf alten Milit\u00e4rpisten \u00fcber die Westalpen und im Herbst durch die farbenpr\u00e4chtigen Schluchten des Balkans! Das sind die Offroad-Reisen von TC-Offroad-Trekking. In Deutschland vermitteln wir in den sch\u00f6nsten Offroad-Parks bei unseren Offroad-Trainings das Know-how aus \u00fcber 25 Jahren Offroad-Reisen mit uns.","email":"info@tc-offroad-trekking.de","telephone":"04444 988125","legalName":"TC-Offroad-Trekking GmbH","vatID":"DE281182191","taxID":"68\/215\/01576","numberOfEmployees":{"@type":"QuantitativeValue","minValue":"1","maxValue":"10"},"publishingPrinciples":"https:\/\/tc-offroad-trekking.de\/4x4\/termine\/","ownershipFundingInfo":"https:\/\/tc-offroad-trekking.de\/4x4\/impressum\/","ethicsPolicy":"https:\/\/tc-offroad-trekking.de\/4x4\/datenschutz\/","diversityPolicy":"https:\/\/tc-offroad-trekking.de\/4x4\/agb\/"}]}},"_links":{"self":[{"href":"https:\/\/tc-offroad-trekking.de\/4x4\/wp-json\/wp\/v2\/pages\/1878","targetHints":{"allow":["GET"]}}],"collection":[{"href":"https:\/\/tc-offroad-trekking.de\/4x4\/wp-json\/wp\/v2\/pages"}],"about":[{"href":"https:\/\/tc-offroad-trekking.de\/4x4\/wp-json\/wp\/v2\/types\/page"}],"author":[{"embeddable":true,"href":"https:\/\/tc-offroad-trekking.de\/4x4\/wp-json\/wp\/v2\/users\/1"}],"replies":[{"embeddable":true,"href":"https:\/\/tc-offroad-trekking.de\/4x4\/wp-json\/wp\/v2\/comments?post=1878"}],"version-history":[{"count":24,"href":"https:\/\/tc-offroad-trekking.de\/4x4\/wp-json\/wp\/v2\/pages\/1878\/revisions"}],"predecessor-version":[{"id":5463,"href":"https:\/\/tc-offroad-trekking.de\/4x4\/wp-json\/wp\/v2\/pages\/1878\/revisions\/5463"}],"wp:attachment":[{"href":"https:\/\/tc-offroad-trekking.de\/4x4\/wp-json\/wp\/v2\/media?parent=1878"}],"curies":[{"name":"wp","href":"https:\/\/api.w.org\/{rel}","templated":true}]}}