{"id":1996,"date":"2024-04-05T17:11:19","date_gmt":"2024-04-05T15:11:19","guid":{"rendered":"https:\/\/tc-offroad-trekking.de\/4x4\/?page_id=1996"},"modified":"2026-03-21T11:29:53","modified_gmt":"2026-03-21T10:29:53","slug":"marokko-hotel","status":"publish","type":"page","link":"https:\/\/tc-offroad-trekking.de\/4x4\/marokko-hotel\/","title":{"rendered":"Marokko Hotel-Tour"},"content":{"rendered":"<p>[et_pb_section fb_built=&#8220;1&#8243; admin_label=&#8220;section&#8220; _builder_version=&#8220;4.23.4&#8243; background_enable_image=&#8220;off&#8220; background_blend=&#8220;saturation&#8220; width=&#8220;100%&#8220; module_alignment=&#8220;center&#8220; height=&#8220;100%&#8220; custom_margin=&#8220;0px||0px||false|false&#8220; custom_padding=&#8220;0px||18px||false|false&#8220; global_colors_info=&#8220;{}&#8220;][et_pb_row _builder_version=&#8220;4.23.4&#8243; _module_preset=&#8220;default&#8220; positioning=&#8220;none&#8220; width=&#8220;100%&#8220; max_width=&#8220;100%&#8220; custom_margin=&#8220;0px|auto|0px|auto|false|false&#8220; custom_padding=&#8220;0px||0px||false|false&#8220; global_colors_info=&#8220;{}&#8220;][et_pb_column type=&#8220;4_4&#8243; _builder_version=&#8220;4.23.4&#8243; _module_preset=&#8220;default&#8220; global_colors_info=&#8220;{}&#8220;][et_pb_image src=&#8220;https:\/\/tc-offroad-trekking.de\/4&#215;4\/wp-content\/uploads\/2024\/03\/start_white_unten_wave_02-2.png&#8220; alt=&#8220;TC-Offroad-Trekking, Alpen, Alpen\u00fcberquerung, Offroad Reise, Offroad-Tour, 4&#215;4&#8243; title_text=&#8220;Sahara-Titelbild2&#8243; show_bottom_space=&#8220;off&#8220; force_fullwidth=&#8220;on&#8220; src_tablet=&#8220;https:\/\/tc-offroad-trekking.de\/4&#215;4\/wp-content\/uploads\/2024\/03\/start_white_unten_wave_02-2.png&#8220; src_phone=&#8220;https:\/\/tc-offroad-trekking.de\/4&#215;4\/wp-content\/uploads\/2024\/04\/Sahara-Titelbild2.jpg&#8220; src_last_edited=&#8220;on|phone&#8220; _builder_version=&#8220;4.24.3&#8243; _module_preset=&#8220;default&#8220; background_image=&#8220;https:\/\/tc-offroad-trekking.de\/4&#215;4\/wp-content\/uploads\/2024\/04\/Sahara-Titelbild-neu-1.jpg&#8220; min_height=&#8220;100%&#8220; custom_margin=&#8220;60px||0px||false|false&#8220; custom_margin_tablet=&#8220;14px||0px||false|false&#8220; custom_margin_phone=&#8220;90px||0px||false|false&#8220; custom_margin_last_edited=&#8220;on|phone&#8220; custom_padding=&#8220;322px||0px||false|false&#8220; custom_padding_tablet=&#8220;322px||0px||false|false&#8220; custom_padding_phone=&#8220;0px||0px||false|false&#8220; custom_padding_last_edited=&#8220;on|desktop&#8220; background_last_edited=&#8220;on|phone&#8220; background_enable_image_phone=&#8220;off&#8220; background_position_phone=&#8220;center_right&#8220; global_colors_info=&#8220;{}&#8220;][\/et_pb_image][\/et_pb_column][\/et_pb_row][\/et_pb_section][et_pb_section fb_built=&#8220;1&#8243; _builder_version=&#8220;4.23.4&#8243; _module_preset=&#8220;default&#8220; max_height=&#8220;150px&#8220; custom_margin=&#8220;||-44px|||&#8220; custom_padding=&#8220;8px||13px|||&#8220; global_colors_info=&#8220;{}&#8220;][et_pb_row _builder_version=&#8220;4.24.3&#8243; _module_preset=&#8220;default&#8220; custom_margin=&#8220;-20px|auto||auto||&#8220; custom_margin_tablet=&#8220;-20px|auto||auto||&#8220; custom_margin_phone=&#8220;-30px|auto||auto|false|false&#8220; custom_margin_last_edited=&#8220;on|phone&#8220; custom_padding=&#8220;4px|||||&#8220; global_colors_info=&#8220;{}&#8220;][et_pb_column type=&#8220;4_4&#8243; _builder_version=&#8220;4.23.4&#8243; _module_preset=&#8220;default&#8220; global_colors_info=&#8220;{}&#8220;][et_pb_text _builder_version=&#8220;4.24.3&#8243; _module_preset=&#8220;default&#8220; background_enable_image=&#8220;off&#8220; background_size=&#8220;initial&#8220; text_orientation=&#8220;center&#8220; min_height=&#8220;101%&#8220; height=&#8220;100%&#8220; custom_margin=&#8220;-20px||0px||false|false&#8220; custom_margin_tablet=&#8220;-20px||0px||false|false&#8220; custom_margin_phone=&#8220;-30px||||false|false&#8220; custom_margin_last_edited=&#8220;on|phone&#8220; custom_padding=&#8220;0px||0px|||&#8220; global_colors_info=&#8220;{}&#8220;]<\/p>\n<div class=\"auswahlseite\" style=\"text-align: left;\">\n<h3>Im Land des Maghreb<\/h3>\n<h1>Marokko-Hotel-Tour<\/h1>\n<\/div>\n<p>[\/et_pb_text][\/et_pb_column][\/et_pb_row][\/et_pb_section][et_pb_section fb_built=&#8220;1&#8243; _builder_version=&#8220;4.23.4&#8243; _module_preset=&#8220;default&#8220; background_image=&#8220;https:\/\/tc-offroad-trekking.de\/4&#215;4\/wp-content\/uploads\/2024\/01\/background_00_01-weiss-2.jpg&#8220; width=&#8220;100%&#8220; custom_padding=&#8220;0px||4px|||&#8220; background_last_edited=&#8220;on|desktop&#8220; global_colors_info=&#8220;{}&#8220;][et_pb_row column_structure=&#8220;2_3,1_3&#8243; _builder_version=&#8220;4.23.4&#8243; _module_preset=&#8220;default&#8220; custom_margin=&#8220;-16px|auto||auto||&#8220; custom_padding=&#8220;15px||0px|||&#8220; hover_transition_speed_curve=&#8220;ease-in-out&#8220; global_colors_info=&#8220;{}&#8220;][et_pb_column type=&#8220;2_3&#8243; _builder_version=&#8220;4.23.4&#8243; _module_preset=&#8220;default&#8220; global_colors_info=&#8220;{}&#8220;][et_pb_text _builder_version=&#8220;4.24.3&#8243; _module_preset=&#8220;default&#8220; text_line_height=&#8220;1.6em&#8220; global_colors_info=&#8220;{}&#8220;]\u00a9 4\u00d74 Experience Michael Ortner<\/p>\n<h3>Durch die Schluchten und W\u00fcsten Marokkos<\/h3>\n<p>Fes, eine der bekannten 5 K\u00f6nigs St\u00e4dte in Marokko &#8222;Im Land des Maghreb&#8220;, auch Perle des S\u00fcdens genannt: Wir sind mit unseren Gel\u00e4ndewagen den Routen der alten Salz-Karawanen gefolgt, haben die g\u00e4hnenden Schluchten und schwindelnden P\u00e4sse des Hohen Atlas bezwungen, haben fauchende Sandst\u00fcrme und flirrende Fata Morganas erlebt, haben die goldenen D\u00fcnen-K\u00e4mme des Erg Chebbi gemeistert und rollen nun durch die m\u00e4chtigen Tore der alten nordafrikanischen K\u00f6nigsstadt im S\u00fcdosten Marokkos.<\/p>\n<p><img loading=\"lazy\" decoding=\"async\" src=\"https:\/\/tc-offroad-trekking.de\/4x4\/wp-content\/uploads\/2025\/12\/2014_marokko_06-300x201.png\" width=\"300\" height=\"201\" alt=\"Medina Fes Marokko\" class=\"wp-image-5497 alignnone size-medium\" \/>\u00a0Die Medina in Fes<\/p>\n<p>Ein Labyrinth enger Gassen empf\u00e4ngt uns, wir tauchen ein in die ber\u00fchmte &#8222;Medina&#8220;, die Altstadt Fes, mit ihren wimmelnden, l\u00e4rmenden Souks. Hier werden Waren aus allen Teilen des Orients feilgeboten: Teppiche, Wasserpfeifen, Datteln, Weihrauch, Schmuck. Aus den Restaurants ziehen die D\u00fcfte von Kreuzk\u00fcmmel und Oliven, von Chilis und Zitronen. Handwerker arbeiten direkt auf dem Gehweg, Kunden und H\u00e4ndler feilschen lautstark, Goldschmiede treiben mit kleinen Mei\u00dfeln Verzierungen in S\u00e4bel und Amulette. Dieses quirlige Treiben zieht uns sofort in seinen Bann, typisch Marokko &#8222;Im Land des Maghreb&#8220;.<\/p>\n<h3>Geschichtstr\u00e4chtige Medina el Quadima<\/h3>\n<p>Besonders geschichtstr\u00e4chtig ist die Medina el Qadima, die seit 1981 unter dem Schutz der UNESCO als Weltkulturerbe steht, sie ist ein quirliger Marktflecken mit Streetfood-H\u00e4ndlern, orientalischer Musik, Geschichtenerz\u00e4hlern und Schlangenbeschw\u00f6rern. Exotik wie aus der Welt von Tausendundeiner Nacht \u2013 typisch f\u00fcr den Maghreb, den Westen Nord-Afrikas. Ein altes Sprichwort der Tuareg lautet: &#8222;Der Maghreb ist ein heiliger Vogel. Sein Leib ist Algerien, sein rechter Fl\u00fcgel Tunesien, sein linker ist Marokko&#8220;. Und tats\u00e4chlich erleben wir dieses faszinierende Marokko &#8222;Im Land des Maghreb&#8220; auch wie ein Vogel, der nach Westen zieht. Durch die Ausl\u00e4ufer der Sahara, an den geheimnisvollen Berg-Oasen des Hohen Atlas vorbei. Wir \u00fcbernachten in exotischen Hotels mit arabischem Flair unter den Sternen des Orients&#8230;<\/p>\n<p>&nbsp;[\/et_pb_text][\/et_pb_column][et_pb_column type=&#8220;1_3&#8243; _builder_version=&#8220;4.23.4&#8243; _module_preset=&#8220;default&#8220; global_colors_info=&#8220;{}&#8220;][et_pb_gallery gallery_ids=&#8220;2623,2615,2008,1990,2617,2626,2003,2614,2006,2005,2004,2616,2619&#8243; show_title_and_caption=&#8220;off&#8220; show_pagination=&#8220;off&#8220; _builder_version=&#8220;4.24.3&#8243; _module_preset=&#8220;ec1fb7a4-dbe6-4c17-a432-9c91af8753fa&#8220; width=&#8220;100%&#8220; custom_margin=&#8220;42px||||false|false&#8220; global_colors_info=&#8220;{}&#8220;][\/et_pb_gallery][\/et_pb_column][\/et_pb_row][\/et_pb_section][et_pb_section fb_built=&#8220;1&#8243; _builder_version=&#8220;4.23.4&#8243; _module_preset=&#8220;default&#8220; background_image=&#8220;https:\/\/tc-offroad-trekking.de\/4&#215;4\/wp-content\/uploads\/2024\/04\/Marokko-unten-3.jpg&#8220; parallax=&#8220;on&#8220; custom_padding=&#8220;0px|||||&#8220; global_colors_info=&#8220;{}&#8220;][et_pb_row _builder_version=&#8220;4.24.3&#8243; _module_preset=&#8220;default&#8220; background_enable_image=&#8220;off&#8220; width=&#8220;100%&#8220; max_width=&#8220;100%&#8220; custom_padding=&#8220;0px|||||&#8220; global_colors_info=&#8220;{}&#8220;][et_pb_column type=&#8220;4_4&#8243; _builder_version=&#8220;4.23.4&#8243; _module_preset=&#8220;default&#8220; global_colors_info=&#8220;{}&#8220;][et_pb_image src=&#8220;https:\/\/tc-offroad-trekking.de\/4&#215;4\/wp-content\/uploads\/2024\/03\/spritzer-unterseite_1920x110.png&#8220; title_text=&#8220;spritzer-unterseite_1920x110&#8243; _builder_version=&#8220;4.24.3&#8243; _module_preset=&#8220;default&#8220; custom_padding=&#8220;0px|||||&#8220; global_colors_info=&#8220;{}&#8220;][\/et_pb_image][\/et_pb_column][\/et_pb_row][et_pb_row column_structure=&#8220;1_2,1_2&#8243; _builder_version=&#8220;4.23.4&#8243; _module_preset=&#8220;default&#8220; custom_padding=&#8220;14px|||||&#8220; global_colors_info=&#8220;{}&#8220;][et_pb_column type=&#8220;1_2&#8243; _builder_version=&#8220;4.23.4&#8243; _module_preset=&#8220;default&#8220; global_colors_info=&#8220;{}&#8220;][et_pb_text _builder_version=&#8220;4.27.5&#8243; _module_preset=&#8220;default&#8220; background_color=&#8220;rgba(15,15,15,0.42)&#8220; background_enable_image=&#8220;off&#8220; background_size=&#8220;stretch&#8220; custom_padding=&#8220;10px|10px|10px|10px|true|true&#8220; hover_enabled=&#8220;0&#8243; border_radii=&#8220;on|10px|10px|10px|10px&#8220; global_colors_info=&#8220;{}&#8220; sticky_enabled=&#8220;0&#8243;]<\/p>\n<div class=\"starttext\">\n<h2><\/h2>\n<h3>Termine<\/h3>\n<p>finden Sie auf der Homepage von 4&#215;4 Experience<\/p>\n<\/div>\n<p>[\/et_pb_text][\/et_pb_column][et_pb_column type=&#8220;1_2&#8243; _builder_version=&#8220;4.23.4&#8243; _module_preset=&#8220;default&#8220; global_colors_info=&#8220;{}&#8220;][et_pb_text _builder_version=&#8220;4.23.4&#8243; _module_preset=&#8220;default&#8220; background_color=&#8220;rgba(10,10,10,0.39)&#8220; background_enable_image=&#8220;off&#8220; custom_padding=&#8220;10px|9px|10px|9px|true|true&#8220; border_radii=&#8220;on|10px|10px|10px|10px&#8220; global_colors_info=&#8220;{}&#8220;]<\/p>\n<div class=\"starttext\">\n<h2><\/h2>\n<h3>Beratung \/ Anmeldung<\/h3>\n<p>Diese Reise wird durchgef\u00fchrt von unserer Partnerfirma<br \/>\n<strong>\u201e4\u00d74-Experience\u201c<\/strong>, D-51503 R\u00f6srath<br \/>\n<strong>Weitere Infos \/ Beratung \/ Anmeldung zu dieser Reise direkt auf der Seite:<\/strong><\/p>\n<ul>\n<li><a style=\"color: #ffffff; font-weight: bold;\" href=\"https:\/\/4x4-experience.de\/4x4\/marokko-hotel\">4\u00d74-Experience Marokko \u201eIm Land des Maghreb\u201c<\/a><\/li>\n<\/ul>\n<\/div>\n<p>[\/et_pb_text][\/et_pb_column][\/et_pb_row][\/et_pb_section]<\/p>\n","protected":false},"excerpt":{"rendered":"<p>Im Land des Maghreb Marokko-Hotel-Tour \u00a9 4\u00d74 Experience Michael Ortner Durch die Schluchten und W\u00fcsten Marokkos Fes, eine der bekannten 5 K\u00f6nigs St\u00e4dte in Marokko &#8222;Im Land des Maghreb&#8220;, auch Perle des S\u00fcdens genannt: Wir sind mit unseren Gel\u00e4ndewagen den Routen der alten Salz-Karawanen gefolgt, haben die g\u00e4hnenden Schluchten und schwindelnden P\u00e4sse des Hohen Atlas [&hellip;]<\/p>\n","protected":false},"author":1,"featured_media":0,"parent":0,"menu_order":0,"comment_status":"closed","ping_status":"closed","template":"","meta":{"_et_pb_use_builder":"on","_et_pb_old_content":"","_et_gb_content_width":"","_exactmetrics_skip_tracking":false,"_exactmetrics_sitenote_active":false,"_exactmetrics_sitenote_note":"","_exactmetrics_sitenote_category":0,"footnotes":""},"class_list":["post-1996","page","type-page","status-publish","hentry"],"yoast_head":"<!-- This site is optimized with the Yoast SEO Premium plugin v26.6 (Yoast SEO v27.5) - https:\/\/yoast.com\/product\/yoast-seo-premium-wordpress\/ -->\n<title>Marokko Hotel 4x4, Offroad Nordafrika, Offroad Marokko, 4x4 Marokko, 4x4 Experience, 4x4 Abenteuer, Offroad Reise Afrika<\/title>\n<meta name=\"robots\" content=\"index, follow, max-snippet:-1, max-image-preview:large, max-video-preview:-1\" \/>\n<link rel=\"canonical\" href=\"https:\/\/tc-offroad-trekking.de\/4x4\/marokko-hotel\/\" \/>\n<meta property=\"og:locale\" content=\"de_DE\" \/>\n<meta property=\"og:type\" content=\"article\" \/>\n<meta property=\"og:title\" content=\"Marokko Hotel-Tour\" \/>\n<meta property=\"og:description\" content=\"Im Land des Maghreb Marokko-Hotel-Tour \u00a9 4\u00d74 Experience Michael Ortner Durch die Schluchten und W\u00fcsten Marokkos Fes, eine der bekannten 5 K\u00f6nigs St\u00e4dte in Marokko &quot;Im Land des Maghreb&quot;, auch Perle des S\u00fcdens genannt: Wir sind mit unseren Gel\u00e4ndewagen den Routen der alten Salz-Karawanen gefolgt, haben die g\u00e4hnenden Schluchten und schwindelnden P\u00e4sse des Hohen Atlas [&hellip;]\" \/>\n<meta property=\"og:url\" content=\"https:\/\/tc-offroad-trekking.de\/4x4\/marokko-hotel\/\" \/>\n<meta property=\"og:site_name\" content=\"Offroad Reisen | TC-OFFROAD-TREKKING | Touren &amp; Training in Europa\" \/>\n<meta property=\"article:publisher\" content=\"https:\/\/www.facebook.com\/tcoffroadtrekking\/\" \/>\n<meta property=\"article:modified_time\" content=\"2026-03-21T10:29:53+00:00\" \/>\n<meta property=\"og:image\" content=\"https:\/\/tc-offroad-trekking.de\/4x4\/wp-content\/uploads\/2025\/12\/2014_marokko_06-300x201.png\" \/>\n<meta name=\"twitter:card\" content=\"summary_large_image\" \/>\n<meta name=\"twitter:label1\" content=\"Gesch\u00e4tzte Lesezeit\" \/>\n\t<meta name=\"twitter:data1\" content=\"6\u00a0Minuten\" \/>\n<script type=\"application\/ld+json\" class=\"yoast-schema-graph\">{\"@context\":\"https:\\\/\\\/schema.org\",\"@graph\":[{\"@type\":\"WebPage\",\"@id\":\"https:\\\/\\\/tc-offroad-trekking.de\\\/4x4\\\/marokko-hotel\\\/\",\"url\":\"https:\\\/\\\/tc-offroad-trekking.de\\\/4x4\\\/marokko-hotel\\\/\",\"name\":\"Marokko Hotel 4x4, Offroad Nordafrika, Offroad Marokko, 4x4 Marokko, 4x4 Experience, 4x4 Abenteuer, Offroad Reise Afrika\",\"isPartOf\":{\"@id\":\"https:\\\/\\\/tc-offroad-trekking.de\\\/4x4\\\/#website\"},\"primaryImageOfPage\":{\"@id\":\"https:\\\/\\\/tc-offroad-trekking.de\\\/4x4\\\/marokko-hotel\\\/#primaryimage\"},\"image\":{\"@id\":\"https:\\\/\\\/tc-offroad-trekking.de\\\/4x4\\\/marokko-hotel\\\/#primaryimage\"},\"thumbnailUrl\":\"https:\\\/\\\/tc-offroad-trekking.de\\\/4x4\\\/wp-content\\\/uploads\\\/2025\\\/12\\\/2014_marokko_06-300x201.png\",\"datePublished\":\"2024-04-05T15:11:19+00:00\",\"dateModified\":\"2026-03-21T10:29:53+00:00\",\"breadcrumb\":{\"@id\":\"https:\\\/\\\/tc-offroad-trekking.de\\\/4x4\\\/marokko-hotel\\\/#breadcrumb\"},\"inLanguage\":\"de\",\"potentialAction\":[{\"@type\":\"ReadAction\",\"target\":[\"https:\\\/\\\/tc-offroad-trekking.de\\\/4x4\\\/marokko-hotel\\\/\"]}]},{\"@type\":\"ImageObject\",\"inLanguage\":\"de\",\"@id\":\"https:\\\/\\\/tc-offroad-trekking.de\\\/4x4\\\/marokko-hotel\\\/#primaryimage\",\"url\":\"https:\\\/\\\/tc-offroad-trekking.de\\\/4x4\\\/wp-content\\\/uploads\\\/2025\\\/12\\\/2014_marokko_06.png\",\"contentUrl\":\"https:\\\/\\\/tc-offroad-trekking.de\\\/4x4\\\/wp-content\\\/uploads\\\/2025\\\/12\\\/2014_marokko_06.png\",\"width\":800,\"height\":535},{\"@type\":\"BreadcrumbList\",\"@id\":\"https:\\\/\\\/tc-offroad-trekking.de\\\/4x4\\\/marokko-hotel\\\/#breadcrumb\",\"itemListElement\":[{\"@type\":\"ListItem\",\"position\":1,\"name\":\"Home\",\"item\":\"https:\\\/\\\/tc-offroad-trekking.de\\\/4x4\\\/\"},{\"@type\":\"ListItem\",\"position\":2,\"name\":\"Marokko Hotel-Tour\"}]},{\"@type\":\"WebSite\",\"@id\":\"https:\\\/\\\/tc-offroad-trekking.de\\\/4x4\\\/#website\",\"url\":\"https:\\\/\\\/tc-offroad-trekking.de\\\/4x4\\\/\",\"name\":\"Offroad Reisen, TC-Offroad-Trekking, Offroad Touren & Offroad Training\",\"description\":\"4x4 Reisen und 4x4-Trainings\",\"publisher\":{\"@id\":\"https:\\\/\\\/tc-offroad-trekking.de\\\/4x4\\\/#organization\"},\"alternateName\":\"Offroad Reisen TC-Offroad-Trekking\",\"potentialAction\":[{\"@type\":\"SearchAction\",\"target\":{\"@type\":\"EntryPoint\",\"urlTemplate\":\"https:\\\/\\\/tc-offroad-trekking.de\\\/4x4\\\/?s={search_term_string}\"},\"query-input\":{\"@type\":\"PropertyValueSpecification\",\"valueRequired\":true,\"valueName\":\"search_term_string\"}}],\"inLanguage\":\"de\"},{\"@type\":\"Organization\",\"@id\":\"https:\\\/\\\/tc-offroad-trekking.de\\\/4x4\\\/#organization\",\"name\":\"TC-Offroad-Trekking\",\"alternateName\":\"TC Offroad Reisen\",\"url\":\"https:\\\/\\\/tc-offroad-trekking.de\\\/4x4\\\/\",\"logo\":{\"@type\":\"ImageObject\",\"inLanguage\":\"de\",\"@id\":\"https:\\\/\\\/tc-offroad-trekking.de\\\/4x4\\\/#\\\/schema\\\/logo\\\/image\\\/\",\"url\":\"https:\\\/\\\/tc-offroad-trekking.de\\\/4x4\\\/wp-content\\\/uploads\\\/2024\\\/06\\\/logo-tc-quadratisch.png\",\"contentUrl\":\"https:\\\/\\\/tc-offroad-trekking.de\\\/4x4\\\/wp-content\\\/uploads\\\/2024\\\/06\\\/logo-tc-quadratisch.png\",\"width\":312,\"height\":312,\"caption\":\"TC-Offroad-Trekking\"},\"image\":{\"@id\":\"https:\\\/\\\/tc-offroad-trekking.de\\\/4x4\\\/#\\\/schema\\\/logo\\\/image\\\/\"},\"sameAs\":[\"https:\\\/\\\/www.facebook.com\\\/tcoffroadtrekking\\\/\"],\"description\":\"Auf alten Schmugglerpfaden durch die Pyren\u00e4en, in den Alpen \u00fcber das Dach Europas, in den Karpaten den Wolfspuren durch Transsilvanien folgen, und in der Sahara den hei\u00dfen Atem der gr\u00f6\u00dften W\u00fcste Afrikas sp\u00fcren! Im Winter mit rasselnden Schneeketten durch die tief verschneiten W\u00e4lder Rum\u00e4niens, im Fr\u00fchjahr durch die bl\u00fchende Toskana mit \u00dcbernachtungen auf romantischen Weing\u00fctern, im Sommer auf alten Milit\u00e4rpisten \u00fcber die Westalpen und im Herbst durch die farbenpr\u00e4chtigen Schluchten des Balkans! Das sind die Offroad-Reisen von TC-Offroad-Trekking. In Deutschland vermitteln wir in den sch\u00f6nsten Offroad-Parks bei unseren Offroad-Trainings das Know-how aus \u00fcber 25 Jahren Offroad-Reisen mit uns.\",\"email\":\"info@tc-offroad-trekking.de\",\"telephone\":\"04444 988125\",\"legalName\":\"TC-Offroad-Trekking GmbH\",\"vatID\":\"DE281182191\",\"taxID\":\"68\\\/215\\\/01576\",\"numberOfEmployees\":{\"@type\":\"QuantitativeValue\",\"minValue\":\"1\",\"maxValue\":\"10\"},\"publishingPrinciples\":\"https:\\\/\\\/tc-offroad-trekking.de\\\/4x4\\\/termine\\\/\",\"ownershipFundingInfo\":\"https:\\\/\\\/tc-offroad-trekking.de\\\/4x4\\\/impressum\\\/\",\"ethicsPolicy\":\"https:\\\/\\\/tc-offroad-trekking.de\\\/4x4\\\/datenschutz\\\/\",\"diversityPolicy\":\"https:\\\/\\\/tc-offroad-trekking.de\\\/4x4\\\/agb\\\/\"}]}<\/script>\n<!-- \/ Yoast SEO Premium plugin. -->","yoast_head_json":{"title":"Marokko Hotel 4x4, Offroad Nordafrika, Offroad Marokko, 4x4 Marokko, 4x4 Experience, 4x4 Abenteuer, Offroad Reise Afrika","robots":{"index":"index","follow":"follow","max-snippet":"max-snippet:-1","max-image-preview":"max-image-preview:large","max-video-preview":"max-video-preview:-1"},"canonical":"https:\/\/tc-offroad-trekking.de\/4x4\/marokko-hotel\/","og_locale":"de_DE","og_type":"article","og_title":"Marokko Hotel-Tour","og_description":"Im Land des Maghreb Marokko-Hotel-Tour \u00a9 4\u00d74 Experience Michael Ortner Durch die Schluchten und W\u00fcsten Marokkos Fes, eine der bekannten 5 K\u00f6nigs St\u00e4dte in Marokko \"Im Land des Maghreb\", auch Perle des S\u00fcdens genannt: Wir sind mit unseren Gel\u00e4ndewagen den Routen der alten Salz-Karawanen gefolgt, haben die g\u00e4hnenden Schluchten und schwindelnden P\u00e4sse des Hohen Atlas [&hellip;]","og_url":"https:\/\/tc-offroad-trekking.de\/4x4\/marokko-hotel\/","og_site_name":"Offroad Reisen | TC-OFFROAD-TREKKING | Touren &amp; Training in Europa","article_publisher":"https:\/\/www.facebook.com\/tcoffroadtrekking\/","article_modified_time":"2026-03-21T10:29:53+00:00","og_image":[{"url":"https:\/\/tc-offroad-trekking.de\/4x4\/wp-content\/uploads\/2025\/12\/2014_marokko_06-300x201.png","type":"","width":"","height":""}],"twitter_card":"summary_large_image","twitter_misc":{"Gesch\u00e4tzte Lesezeit":"6\u00a0Minuten"},"schema":{"@context":"https:\/\/schema.org","@graph":[{"@type":"WebPage","@id":"https:\/\/tc-offroad-trekking.de\/4x4\/marokko-hotel\/","url":"https:\/\/tc-offroad-trekking.de\/4x4\/marokko-hotel\/","name":"Marokko Hotel 4x4, Offroad Nordafrika, Offroad Marokko, 4x4 Marokko, 4x4 Experience, 4x4 Abenteuer, Offroad Reise Afrika","isPartOf":{"@id":"https:\/\/tc-offroad-trekking.de\/4x4\/#website"},"primaryImageOfPage":{"@id":"https:\/\/tc-offroad-trekking.de\/4x4\/marokko-hotel\/#primaryimage"},"image":{"@id":"https:\/\/tc-offroad-trekking.de\/4x4\/marokko-hotel\/#primaryimage"},"thumbnailUrl":"https:\/\/tc-offroad-trekking.de\/4x4\/wp-content\/uploads\/2025\/12\/2014_marokko_06-300x201.png","datePublished":"2024-04-05T15:11:19+00:00","dateModified":"2026-03-21T10:29:53+00:00","breadcrumb":{"@id":"https:\/\/tc-offroad-trekking.de\/4x4\/marokko-hotel\/#breadcrumb"},"inLanguage":"de","potentialAction":[{"@type":"ReadAction","target":["https:\/\/tc-offroad-trekking.de\/4x4\/marokko-hotel\/"]}]},{"@type":"ImageObject","inLanguage":"de","@id":"https:\/\/tc-offroad-trekking.de\/4x4\/marokko-hotel\/#primaryimage","url":"https:\/\/tc-offroad-trekking.de\/4x4\/wp-content\/uploads\/2025\/12\/2014_marokko_06.png","contentUrl":"https:\/\/tc-offroad-trekking.de\/4x4\/wp-content\/uploads\/2025\/12\/2014_marokko_06.png","width":800,"height":535},{"@type":"BreadcrumbList","@id":"https:\/\/tc-offroad-trekking.de\/4x4\/marokko-hotel\/#breadcrumb","itemListElement":[{"@type":"ListItem","position":1,"name":"Home","item":"https:\/\/tc-offroad-trekking.de\/4x4\/"},{"@type":"ListItem","position":2,"name":"Marokko Hotel-Tour"}]},{"@type":"WebSite","@id":"https:\/\/tc-offroad-trekking.de\/4x4\/#website","url":"https:\/\/tc-offroad-trekking.de\/4x4\/","name":"Offroad Reisen, TC-Offroad-Trekking, Offroad Touren & Offroad Training","description":"4x4 Reisen und 4x4-Trainings","publisher":{"@id":"https:\/\/tc-offroad-trekking.de\/4x4\/#organization"},"alternateName":"Offroad Reisen TC-Offroad-Trekking","potentialAction":[{"@type":"SearchAction","target":{"@type":"EntryPoint","urlTemplate":"https:\/\/tc-offroad-trekking.de\/4x4\/?s={search_term_string}"},"query-input":{"@type":"PropertyValueSpecification","valueRequired":true,"valueName":"search_term_string"}}],"inLanguage":"de"},{"@type":"Organization","@id":"https:\/\/tc-offroad-trekking.de\/4x4\/#organization","name":"TC-Offroad-Trekking","alternateName":"TC Offroad Reisen","url":"https:\/\/tc-offroad-trekking.de\/4x4\/","logo":{"@type":"ImageObject","inLanguage":"de","@id":"https:\/\/tc-offroad-trekking.de\/4x4\/#\/schema\/logo\/image\/","url":"https:\/\/tc-offroad-trekking.de\/4x4\/wp-content\/uploads\/2024\/06\/logo-tc-quadratisch.png","contentUrl":"https:\/\/tc-offroad-trekking.de\/4x4\/wp-content\/uploads\/2024\/06\/logo-tc-quadratisch.png","width":312,"height":312,"caption":"TC-Offroad-Trekking"},"image":{"@id":"https:\/\/tc-offroad-trekking.de\/4x4\/#\/schema\/logo\/image\/"},"sameAs":["https:\/\/www.facebook.com\/tcoffroadtrekking\/"],"description":"Auf alten Schmugglerpfaden durch die Pyren\u00e4en, in den Alpen \u00fcber das Dach Europas, in den Karpaten den Wolfspuren durch Transsilvanien folgen, und in der Sahara den hei\u00dfen Atem der gr\u00f6\u00dften W\u00fcste Afrikas sp\u00fcren! Im Winter mit rasselnden Schneeketten durch die tief verschneiten W\u00e4lder Rum\u00e4niens, im Fr\u00fchjahr durch die bl\u00fchende Toskana mit \u00dcbernachtungen auf romantischen Weing\u00fctern, im Sommer auf alten Milit\u00e4rpisten \u00fcber die Westalpen und im Herbst durch die farbenpr\u00e4chtigen Schluchten des Balkans! Das sind die Offroad-Reisen von TC-Offroad-Trekking. In Deutschland vermitteln wir in den sch\u00f6nsten Offroad-Parks bei unseren Offroad-Trainings das Know-how aus \u00fcber 25 Jahren Offroad-Reisen mit uns.","email":"info@tc-offroad-trekking.de","telephone":"04444 988125","legalName":"TC-Offroad-Trekking GmbH","vatID":"DE281182191","taxID":"68\/215\/01576","numberOfEmployees":{"@type":"QuantitativeValue","minValue":"1","maxValue":"10"},"publishingPrinciples":"https:\/\/tc-offroad-trekking.de\/4x4\/termine\/","ownershipFundingInfo":"https:\/\/tc-offroad-trekking.de\/4x4\/impressum\/","ethicsPolicy":"https:\/\/tc-offroad-trekking.de\/4x4\/datenschutz\/","diversityPolicy":"https:\/\/tc-offroad-trekking.de\/4x4\/agb\/"}]}},"_links":{"self":[{"href":"https:\/\/tc-offroad-trekking.de\/4x4\/wp-json\/wp\/v2\/pages\/1996","targetHints":{"allow":["GET"]}}],"collection":[{"href":"https:\/\/tc-offroad-trekking.de\/4x4\/wp-json\/wp\/v2\/pages"}],"about":[{"href":"https:\/\/tc-offroad-trekking.de\/4x4\/wp-json\/wp\/v2\/types\/page"}],"author":[{"embeddable":true,"href":"https:\/\/tc-offroad-trekking.de\/4x4\/wp-json\/wp\/v2\/users\/1"}],"replies":[{"embeddable":true,"href":"https:\/\/tc-offroad-trekking.de\/4x4\/wp-json\/wp\/v2\/comments?post=1996"}],"version-history":[{"count":25,"href":"https:\/\/tc-offroad-trekking.de\/4x4\/wp-json\/wp\/v2\/pages\/1996\/revisions"}],"predecessor-version":[{"id":5578,"href":"https:\/\/tc-offroad-trekking.de\/4x4\/wp-json\/wp\/v2\/pages\/1996\/revisions\/5578"}],"wp:attachment":[{"href":"https:\/\/tc-offroad-trekking.de\/4x4\/wp-json\/wp\/v2\/media?parent=1996"}],"curies":[{"name":"wp","href":"https:\/\/api.w.org\/{rel}","templated":true}]}}