{"id":2415,"date":"2024-04-12T17:55:07","date_gmt":"2024-04-12T15:55:07","guid":{"rendered":"https:\/\/tc-offroad-trekking.de\/4x4\/?page_id=2415"},"modified":"2024-06-05T17:55:36","modified_gmt":"2024-06-05T15:55:36","slug":"tc-durchfuehrungsgarantie","status":"publish","type":"page","link":"https:\/\/tc-offroad-trekking.de\/4x4\/tc-durchfuehrungsgarantie\/","title":{"rendered":"Durchf\u00fchrungsgarantie"},"content":{"rendered":"<p>[et_pb_section fb_built=&#8220;1&#8243; admin_label=&#8220;section&#8220; _builder_version=&#8220;4.23.4&#8243; background_image=&#8220;https:\/\/tc-offroad-trekking.de\/4&#215;4\/wp-content\/uploads\/2024\/02\/Auswahl-Alpen-Startbild.jpg&#8220; background_blend=&#8220;saturation&#8220; width=&#8220;100%&#8220; module_alignment=&#8220;center&#8220; height=&#8220;100%&#8220; custom_margin=&#8220;0px||0px||false|false&#8220; custom_padding=&#8220;0px||0px|||&#8220; global_colors_info=&#8220;{}&#8220;][et_pb_row _builder_version=&#8220;4.24.3&#8243; _module_preset=&#8220;default&#8220; background_enable_image=&#8220;off&#8220; background_size=&#8220;contain&#8220; positioning=&#8220;none&#8220; width=&#8220;100%&#8220; max_width=&#8220;100%&#8220; min_height_tablet=&#8220;&#8220; min_height_phone=&#8220;&#8220; min_height_last_edited=&#8220;on|phone&#8220; custom_margin=&#8220;0px|auto|0px|auto|false|false&#8220; custom_padding=&#8220;||0px||false|false&#8220; global_colors_info=&#8220;{}&#8220;][et_pb_column type=&#8220;4_4&#8243; _builder_version=&#8220;4.23.4&#8243; _module_preset=&#8220;default&#8220; global_colors_info=&#8220;{}&#8220;][et_pb_image src=&#8220;https:\/\/tc-offroad-trekking.de\/4&#215;4\/wp-content\/uploads\/2024\/03\/start_white_unten_wave_02-2.png&#8220; alt=&#8220;TC-Offroad-Trekking, Alpen, Alpen\u00fcberquerung, Offroad Reise, Offroad-Tour, 4&#215;4&#8243; title_text=&#8220;AGB-Titelbild&#8220; show_bottom_space=&#8220;off&#8220; _builder_version=&#8220;4.24.3&#8243; _module_preset=&#8220;80c95dd4-dabf-462d-804d-7df521bdf9e1&#8243; background_image=&#8220;https:\/\/tc-offroad-trekking.de\/4&#215;4\/wp-content\/uploads\/2024\/04\/AGB-Titelbild.jpg&#8220; min_height=&#8220;99%&#8220; custom_margin=&#8220;60px||4px||false|false&#8220; custom_margin_tablet=&#8220;0px||-15px||false|false&#8220; custom_margin_phone=&#8220;90px||0px||false|false&#8220; custom_margin_last_edited=&#8220;on|phone&#8220; custom_padding=&#8220;322px|0px|0px||false|false&#8220; custom_padding_tablet=&#8220;275px|0px|0px||false|false&#8220; custom_padding_phone=&#8220;0px||||false|false&#8220; custom_padding_last_edited=&#8220;on|phone&#8220; hover_enabled=&#8220;0&#8243; global_colors_info=&#8220;{}&#8220; src_last_edited=&#8220;on|phone&#8220; sticky_enabled=&#8220;0&#8243; src_phone=&#8220;https:\/\/tc-offroad-trekking.de\/4&#215;4\/wp-content\/uploads\/2024\/04\/AGB-Titelbild-1.jpg&#8220; background_last_edited=&#8220;on|phone&#8220; background_enable_image_phone=&#8220;off&#8220; src_tablet=&#8220;https:\/\/tc-offroad-trekking.de\/4&#215;4\/wp-content\/uploads\/2024\/03\/start_white_unten_wave_02-2.png&#8220;][\/et_pb_image][\/et_pb_column][\/et_pb_row][\/et_pb_section][et_pb_section fb_built=&#8220;1&#8243; _builder_version=&#8220;4.23.4&#8243; _module_preset=&#8220;default&#8220; background_image=&#8220;https:\/\/tc-offroad-trekking.de\/4&#215;4\/wp-content\/uploads\/2024\/01\/background_00_01-weiss-2.jpg&#8220; background_size=&#8220;stretch&#8220; width=&#8220;100%&#8220; custom_padding=&#8220;0px||26px|||&#8220; background_last_edited=&#8220;on|desktop&#8220; global_colors_info=&#8220;{}&#8220;][et_pb_row column_structure=&#8220;2_3,1_3&#8243; _builder_version=&#8220;4.23.4&#8243; _module_preset=&#8220;default&#8220; custom_margin=&#8220;-16px|auto||auto||&#8220; custom_padding=&#8220;||0px|2px||&#8220; hover_transition_speed_curve=&#8220;ease-in-out&#8220; global_colors_info=&#8220;{}&#8220;][et_pb_column type=&#8220;2_3&#8243; _builder_version=&#8220;4.23.4&#8243; _module_preset=&#8220;default&#8220; global_colors_info=&#8220;{}&#8220;][et_pb_text _builder_version=&#8220;4.24.3&#8243; _module_preset=&#8220;default&#8220; text_font_size=&#8220;12px&#8220; text_line_height=&#8220;1.65em&#8220; text_orientation=&#8220;justified&#8220; custom_padding=&#8220;||0px|||&#8220; global_colors_info=&#8220;{}&#8220;]<\/p>\n<div class=\"auswahlseite\" style=\"text-align: left;\">\n<h3>TC-Offroad-Trekking<\/h3>\n<h2>Durchf\u00fchrungs-Garantie<\/h2>\n<p>&nbsp;<\/p>\n<p>Da bei TC-Offroad-Trekking seit 1998 keine Tour mangels Teilnehmern bei uns ausgefallen ist, k\u00f6nnen wir fast alle Termine aus unserem umfangreichen Programm mit einer Durchf\u00fchrungs-Garantie f\u00fcr Sie verbinden!<\/p>\n<p>Die h\u00e4ufigste Frage in Beratungsgespr\u00e4chen mit neuen Kunden ist immer, ob denn die Touren auch stattfinden oder mangels Teilnehmern eventuell abgesagt werden&#8230;<br \/>Tats\u00e4chlich sind unsere Offroad-Veranstaltungen so beliebt, dass wir f\u00fcr ausgebuchte Touren eine Warteliste f\u00fchren und dann oft noch Zusatztermine anbieten.<\/p>\n<p>Insgesamt verf\u00fcgt TC-Offroad-Trekking \u00fcber 8 haupt- und nebenberufliche Scouts mit zusammen 12 Organisationsfahrzeugen. Die meisten Touren werden mit 2 Scouts und 2 Organisationsfahrzeugen begleitet. Sollte also mal ein Scout ausfallen, sind wir so gut besetzt und ausger\u00fcstet, dass die Reise trotzdem stattfindet.<\/p>\n<div style=\"text-align: center;\"><img decoding=\"async\" src=\"https:\/\/tc-offroad-trekking.de\/4x4\/wp-content\/uploads\/2024\/03\/logo-durchfuehrungsgarant-2-2.png\" alt=\"TC-Offroad-Trekking Duchr\u00fchrungsgarantie\" \/><\/div>\n<p>Einziger Grund f\u00fcr eine Absage bei TC-Offroad-Trekking ist h\u00f6here Gewalt, wenn z.B. ein Reiseland wegen innerer Unruhen die Grenzen schlie\u00dft. Das ist aber bei fast allen Touren aus unserem Programm, die innerhalb der Europ\u00e4ischen Union stattfinden, nicht zu erwarten, sondern h\u00f6chstens bei Touren in Afrika.<\/p>\n<div style=\"display: inline-block;\">\n<p>&#8222;Reise abgesagt, weil Mindestteilnehmerzahl nicht erreicht wurde&#8230;&#8220;<\/p>\n<\/div>\n<p>Bei TC-Offroad-Trekking k\u00f6nnen Sie sicher sein dass Sie NICHT wenige Tage vor Reisebeginn so einen Anruf erhalten! Bei uns haben Sie maximale Urlaubs-Planungssicherheit und viel Zeit zur Vorfreude&#8230;<\/p>\n<\/div>\n<p>[\/et_pb_text][\/et_pb_column][et_pb_column type=&#8220;1_3&#8243; _builder_version=&#8220;4.23.4&#8243; _module_preset=&#8220;default&#8220; global_colors_info=&#8220;{}&#8220;][et_pb_gallery gallery_ids=&#8220;2259,2265,2264,2263,2262,2261,2266,2260,2092,2089,2078,2047,2051&#8243; posts_number=&#8220;3&#8243; show_title_and_caption=&#8220;off&#8220; show_pagination=&#8220;off&#8220; _builder_version=&#8220;4.24.3&#8243; _module_preset=&#8220;default&#8220; custom_padding=&#8220;52px|||||&#8220; global_colors_info=&#8220;{}&#8220;][\/et_pb_gallery][\/et_pb_column][\/et_pb_row][\/et_pb_section][et_pb_section fb_built=&#8220;1&#8243; _builder_version=&#8220;4.23.4&#8243; _module_preset=&#8220;default&#8220; background_image=&#8220;https:\/\/tc-offroad-trekking.de\/4&#215;4\/wp-content\/uploads\/2024\/03\/Pyrenaeen-Hintergrund-unten-2.jpg&#8220; parallax=&#8220;on&#8220; min_height=&#8220;422px&#8220; min_height_tablet=&#8220;271px&#8220; min_height_phone=&#8220;271px&#8220; min_height_last_edited=&#8220;on|phone&#8220; custom_margin=&#8220;||14px|||&#8220; custom_padding=&#8220;0px|||||&#8220; global_colors_info=&#8220;{}&#8220;][et_pb_row custom_padding_last_edited=&#8220;on|phone&#8220; _builder_version=&#8220;4.23.4&#8243; _module_preset=&#8220;default&#8220; background_image=&#8220;https:\/\/tc-offroad-trekking.de\/4&#215;4\/wp-content\/uploads\/2024\/03\/spritzer-unterseite_1920x110.png&#8220; width=&#8220;100%&#8220; max_width=&#8220;1905px&#8220; module_alignment=&#8220;center&#8220; custom_margin=&#8220;0px|||0px|false|false&#8220; custom_margin_tablet=&#8220;|||0px|false|false&#8220; custom_margin_phone=&#8220;|||0px|false|false&#8220; custom_margin_last_edited=&#8220;on|desktop&#8220; custom_padding=&#8220;0px||0px|0px|false|false&#8220; custom_padding_tablet=&#8220;|||0px|false|false&#8220; custom_padding_phone=&#8220;|||1px|false|false&#8220; global_colors_info=&#8220;{}&#8220;][et_pb_column type=&#8220;4_4&#8243; _builder_version=&#8220;4.23.4&#8243; _module_preset=&#8220;default&#8220; global_colors_info=&#8220;{}&#8220;][et_pb_image src=&#8220;https:\/\/tc-offroad-trekking.de\/4&#215;4\/wp-content\/uploads\/2024\/03\/spritzer-unterseite_1920x110.png&#8220; title_text=&#8220;spritzer-unterseite_1920x110&#8243; _builder_version=&#8220;4.23.4&#8243; _module_preset=&#8220;default&#8220; custom_padding=&#8220;|||0px||&#8220; global_colors_info=&#8220;{}&#8220;][\/et_pb_image][\/et_pb_column][\/et_pb_row][\/et_pb_section]<\/p>\n","protected":false},"excerpt":{"rendered":"<p>TC-Offroad-Trekking Durchf\u00fchrungs-Garantie &nbsp; Da bei TC-Offroad-Trekking seit 1998 keine Tour mangels Teilnehmern bei uns ausgefallen ist, k\u00f6nnen wir fast alle Termine aus unserem umfangreichen Programm mit einer Durchf\u00fchrungs-Garantie f\u00fcr Sie verbinden! Die h\u00e4ufigste Frage in Beratungsgespr\u00e4chen mit neuen Kunden ist immer, ob denn die Touren auch stattfinden oder mangels Teilnehmern eventuell abgesagt werden&#8230;Tats\u00e4chlich sind unsere [&hellip;]<\/p>\n","protected":false},"author":1,"featured_media":0,"parent":0,"menu_order":0,"comment_status":"closed","ping_status":"closed","template":"","meta":{"_et_pb_use_builder":"on","_et_pb_old_content":"","_et_gb_content_width":"","_exactmetrics_skip_tracking":false,"_exactmetrics_sitenote_active":false,"_exactmetrics_sitenote_note":"","_exactmetrics_sitenote_category":0,"footnotes":""},"class_list":["post-2415","page","type-page","status-publish","hentry"],"yoast_head":"<!-- This site is optimized with the Yoast SEO Premium plugin v26.6 (Yoast SEO v27.4) - https:\/\/yoast.com\/product\/yoast-seo-premium-wordpress\/ -->\n<title>Durchf\u00fchrungsgarantie - Offroad Reisen | TC-OFFROAD-TREKKING | Touren &amp; Training in Europa<\/title>\n<meta name=\"robots\" content=\"index, follow, max-snippet:-1, max-image-preview:large, max-video-preview:-1\" \/>\n<link rel=\"canonical\" href=\"https:\/\/tc-offroad-trekking.de\/4x4\/tc-durchfuehrungsgarantie\/\" \/>\n<meta property=\"og:locale\" content=\"de_DE\" \/>\n<meta property=\"og:type\" content=\"article\" \/>\n<meta property=\"og:title\" content=\"Durchf\u00fchrungsgarantie\" \/>\n<meta property=\"og:description\" content=\"TC-Offroad-Trekking Durchf\u00fchrungs-Garantie &nbsp; Da bei TC-Offroad-Trekking seit 1998 keine Tour mangels Teilnehmern bei uns ausgefallen ist, k\u00f6nnen wir fast alle Termine aus unserem umfangreichen Programm mit einer Durchf\u00fchrungs-Garantie f\u00fcr Sie verbinden! Die h\u00e4ufigste Frage in Beratungsgespr\u00e4chen mit neuen Kunden ist immer, ob denn die Touren auch stattfinden oder mangels Teilnehmern eventuell abgesagt werden...Tats\u00e4chlich sind unsere [&hellip;]\" \/>\n<meta property=\"og:url\" content=\"https:\/\/tc-offroad-trekking.de\/4x4\/tc-durchfuehrungsgarantie\/\" \/>\n<meta property=\"og:site_name\" content=\"Offroad Reisen | TC-OFFROAD-TREKKING | Touren &amp; Training in Europa\" \/>\n<meta property=\"article:publisher\" content=\"https:\/\/www.facebook.com\/tcoffroadtrekking\/\" \/>\n<meta property=\"article:modified_time\" content=\"2024-06-05T15:55:36+00:00\" \/>\n<meta property=\"og:image\" content=\"https:\/\/tc-offroad-trekking.de\/4x4\/wp-content\/uploads\/2024\/03\/logo-durchfuehrungsgarant-2-2.png\" \/>\n<meta name=\"twitter:card\" content=\"summary_large_image\" \/>\n<meta name=\"twitter:label1\" content=\"Gesch\u00e4tzte Lesezeit\" \/>\n\t<meta name=\"twitter:data1\" content=\"4\u00a0Minuten\" \/>\n<script type=\"application\/ld+json\" class=\"yoast-schema-graph\">{\"@context\":\"https:\\\/\\\/schema.org\",\"@graph\":[{\"@type\":\"WebPage\",\"@id\":\"https:\\\/\\\/tc-offroad-trekking.de\\\/4x4\\\/tc-durchfuehrungsgarantie\\\/\",\"url\":\"https:\\\/\\\/tc-offroad-trekking.de\\\/4x4\\\/tc-durchfuehrungsgarantie\\\/\",\"name\":\"Durchf\u00fchrungsgarantie - Offroad Reisen | TC-OFFROAD-TREKKING | Touren &amp; Training in Europa\",\"isPartOf\":{\"@id\":\"https:\\\/\\\/tc-offroad-trekking.de\\\/4x4\\\/#website\"},\"primaryImageOfPage\":{\"@id\":\"https:\\\/\\\/tc-offroad-trekking.de\\\/4x4\\\/tc-durchfuehrungsgarantie\\\/#primaryimage\"},\"image\":{\"@id\":\"https:\\\/\\\/tc-offroad-trekking.de\\\/4x4\\\/tc-durchfuehrungsgarantie\\\/#primaryimage\"},\"thumbnailUrl\":\"https:\\\/\\\/tc-offroad-trekking.de\\\/4x4\\\/wp-content\\\/uploads\\\/2024\\\/03\\\/logo-durchfuehrungsgarant-2-2.png\",\"datePublished\":\"2024-04-12T15:55:07+00:00\",\"dateModified\":\"2024-06-05T15:55:36+00:00\",\"breadcrumb\":{\"@id\":\"https:\\\/\\\/tc-offroad-trekking.de\\\/4x4\\\/tc-durchfuehrungsgarantie\\\/#breadcrumb\"},\"inLanguage\":\"de\",\"potentialAction\":[{\"@type\":\"ReadAction\",\"target\":[\"https:\\\/\\\/tc-offroad-trekking.de\\\/4x4\\\/tc-durchfuehrungsgarantie\\\/\"]}]},{\"@type\":\"ImageObject\",\"inLanguage\":\"de\",\"@id\":\"https:\\\/\\\/tc-offroad-trekking.de\\\/4x4\\\/tc-durchfuehrungsgarantie\\\/#primaryimage\",\"url\":\"https:\\\/\\\/tc-offroad-trekking.de\\\/4x4\\\/wp-content\\\/uploads\\\/2024\\\/03\\\/logo-durchfuehrungsgarant-2-2.png\",\"contentUrl\":\"https:\\\/\\\/tc-offroad-trekking.de\\\/4x4\\\/wp-content\\\/uploads\\\/2024\\\/03\\\/logo-durchfuehrungsgarant-2-2.png\",\"width\":153,\"height\":141},{\"@type\":\"BreadcrumbList\",\"@id\":\"https:\\\/\\\/tc-offroad-trekking.de\\\/4x4\\\/tc-durchfuehrungsgarantie\\\/#breadcrumb\",\"itemListElement\":[{\"@type\":\"ListItem\",\"position\":1,\"name\":\"Home\",\"item\":\"https:\\\/\\\/tc-offroad-trekking.de\\\/4x4\\\/\"},{\"@type\":\"ListItem\",\"position\":2,\"name\":\"Durchf\u00fchrungsgarantie\"}]},{\"@type\":\"WebSite\",\"@id\":\"https:\\\/\\\/tc-offroad-trekking.de\\\/4x4\\\/#website\",\"url\":\"https:\\\/\\\/tc-offroad-trekking.de\\\/4x4\\\/\",\"name\":\"Offroad Reisen, TC-Offroad-Trekking, Offroad Touren & Offroad Training\",\"description\":\"4x4 Reisen und 4x4-Trainings\",\"publisher\":{\"@id\":\"https:\\\/\\\/tc-offroad-trekking.de\\\/4x4\\\/#organization\"},\"alternateName\":\"Offroad Reisen TC-Offroad-Trekking\",\"potentialAction\":[{\"@type\":\"SearchAction\",\"target\":{\"@type\":\"EntryPoint\",\"urlTemplate\":\"https:\\\/\\\/tc-offroad-trekking.de\\\/4x4\\\/?s={search_term_string}\"},\"query-input\":{\"@type\":\"PropertyValueSpecification\",\"valueRequired\":true,\"valueName\":\"search_term_string\"}}],\"inLanguage\":\"de\"},{\"@type\":\"Organization\",\"@id\":\"https:\\\/\\\/tc-offroad-trekking.de\\\/4x4\\\/#organization\",\"name\":\"TC-Offroad-Trekking\",\"alternateName\":\"TC Offroad Reisen\",\"url\":\"https:\\\/\\\/tc-offroad-trekking.de\\\/4x4\\\/\",\"logo\":{\"@type\":\"ImageObject\",\"inLanguage\":\"de\",\"@id\":\"https:\\\/\\\/tc-offroad-trekking.de\\\/4x4\\\/#\\\/schema\\\/logo\\\/image\\\/\",\"url\":\"https:\\\/\\\/tc-offroad-trekking.de\\\/4x4\\\/wp-content\\\/uploads\\\/2024\\\/06\\\/logo-tc-quadratisch.png\",\"contentUrl\":\"https:\\\/\\\/tc-offroad-trekking.de\\\/4x4\\\/wp-content\\\/uploads\\\/2024\\\/06\\\/logo-tc-quadratisch.png\",\"width\":312,\"height\":312,\"caption\":\"TC-Offroad-Trekking\"},\"image\":{\"@id\":\"https:\\\/\\\/tc-offroad-trekking.de\\\/4x4\\\/#\\\/schema\\\/logo\\\/image\\\/\"},\"sameAs\":[\"https:\\\/\\\/www.facebook.com\\\/tcoffroadtrekking\\\/\"],\"description\":\"Auf alten Schmugglerpfaden durch die Pyren\u00e4en, in den Alpen \u00fcber das Dach Europas, in den Karpaten den Wolfspuren durch Transsilvanien folgen, und in der Sahara den hei\u00dfen Atem der gr\u00f6\u00dften W\u00fcste Afrikas sp\u00fcren! Im Winter mit rasselnden Schneeketten durch die tief verschneiten W\u00e4lder Rum\u00e4niens, im Fr\u00fchjahr durch die bl\u00fchende Toskana mit \u00dcbernachtungen auf romantischen Weing\u00fctern, im Sommer auf alten Milit\u00e4rpisten \u00fcber die Westalpen und im Herbst durch die farbenpr\u00e4chtigen Schluchten des Balkans! Das sind die Offroad-Reisen von TC-Offroad-Trekking. In Deutschland vermitteln wir in den sch\u00f6nsten Offroad-Parks bei unseren Offroad-Trainings das Know-how aus \u00fcber 25 Jahren Offroad-Reisen mit uns.\",\"email\":\"info@tc-offroad-trekking.de\",\"telephone\":\"04444 988125\",\"legalName\":\"TC-Offroad-Trekking GmbH\",\"vatID\":\"DE281182191\",\"taxID\":\"68\\\/215\\\/01576\",\"numberOfEmployees\":{\"@type\":\"QuantitativeValue\",\"minValue\":\"1\",\"maxValue\":\"10\"},\"publishingPrinciples\":\"https:\\\/\\\/tc-offroad-trekking.de\\\/4x4\\\/termine\\\/\",\"ownershipFundingInfo\":\"https:\\\/\\\/tc-offroad-trekking.de\\\/4x4\\\/impressum\\\/\",\"ethicsPolicy\":\"https:\\\/\\\/tc-offroad-trekking.de\\\/4x4\\\/datenschutz\\\/\",\"diversityPolicy\":\"https:\\\/\\\/tc-offroad-trekking.de\\\/4x4\\\/agb\\\/\"}]}<\/script>\n<!-- \/ Yoast SEO Premium plugin. -->","yoast_head_json":{"title":"Durchf\u00fchrungsgarantie - Offroad Reisen | TC-OFFROAD-TREKKING | Touren &amp; Training in Europa","robots":{"index":"index","follow":"follow","max-snippet":"max-snippet:-1","max-image-preview":"max-image-preview:large","max-video-preview":"max-video-preview:-1"},"canonical":"https:\/\/tc-offroad-trekking.de\/4x4\/tc-durchfuehrungsgarantie\/","og_locale":"de_DE","og_type":"article","og_title":"Durchf\u00fchrungsgarantie","og_description":"TC-Offroad-Trekking Durchf\u00fchrungs-Garantie &nbsp; Da bei TC-Offroad-Trekking seit 1998 keine Tour mangels Teilnehmern bei uns ausgefallen ist, k\u00f6nnen wir fast alle Termine aus unserem umfangreichen Programm mit einer Durchf\u00fchrungs-Garantie f\u00fcr Sie verbinden! Die h\u00e4ufigste Frage in Beratungsgespr\u00e4chen mit neuen Kunden ist immer, ob denn die Touren auch stattfinden oder mangels Teilnehmern eventuell abgesagt werden...Tats\u00e4chlich sind unsere [&hellip;]","og_url":"https:\/\/tc-offroad-trekking.de\/4x4\/tc-durchfuehrungsgarantie\/","og_site_name":"Offroad Reisen | TC-OFFROAD-TREKKING | Touren &amp; Training in Europa","article_publisher":"https:\/\/www.facebook.com\/tcoffroadtrekking\/","article_modified_time":"2024-06-05T15:55:36+00:00","og_image":[{"url":"https:\/\/tc-offroad-trekking.de\/4x4\/wp-content\/uploads\/2024\/03\/logo-durchfuehrungsgarant-2-2.png","type":"","width":"","height":""}],"twitter_card":"summary_large_image","twitter_misc":{"Gesch\u00e4tzte Lesezeit":"4\u00a0Minuten"},"schema":{"@context":"https:\/\/schema.org","@graph":[{"@type":"WebPage","@id":"https:\/\/tc-offroad-trekking.de\/4x4\/tc-durchfuehrungsgarantie\/","url":"https:\/\/tc-offroad-trekking.de\/4x4\/tc-durchfuehrungsgarantie\/","name":"Durchf\u00fchrungsgarantie - Offroad Reisen | TC-OFFROAD-TREKKING | Touren &amp; Training in Europa","isPartOf":{"@id":"https:\/\/tc-offroad-trekking.de\/4x4\/#website"},"primaryImageOfPage":{"@id":"https:\/\/tc-offroad-trekking.de\/4x4\/tc-durchfuehrungsgarantie\/#primaryimage"},"image":{"@id":"https:\/\/tc-offroad-trekking.de\/4x4\/tc-durchfuehrungsgarantie\/#primaryimage"},"thumbnailUrl":"https:\/\/tc-offroad-trekking.de\/4x4\/wp-content\/uploads\/2024\/03\/logo-durchfuehrungsgarant-2-2.png","datePublished":"2024-04-12T15:55:07+00:00","dateModified":"2024-06-05T15:55:36+00:00","breadcrumb":{"@id":"https:\/\/tc-offroad-trekking.de\/4x4\/tc-durchfuehrungsgarantie\/#breadcrumb"},"inLanguage":"de","potentialAction":[{"@type":"ReadAction","target":["https:\/\/tc-offroad-trekking.de\/4x4\/tc-durchfuehrungsgarantie\/"]}]},{"@type":"ImageObject","inLanguage":"de","@id":"https:\/\/tc-offroad-trekking.de\/4x4\/tc-durchfuehrungsgarantie\/#primaryimage","url":"https:\/\/tc-offroad-trekking.de\/4x4\/wp-content\/uploads\/2024\/03\/logo-durchfuehrungsgarant-2-2.png","contentUrl":"https:\/\/tc-offroad-trekking.de\/4x4\/wp-content\/uploads\/2024\/03\/logo-durchfuehrungsgarant-2-2.png","width":153,"height":141},{"@type":"BreadcrumbList","@id":"https:\/\/tc-offroad-trekking.de\/4x4\/tc-durchfuehrungsgarantie\/#breadcrumb","itemListElement":[{"@type":"ListItem","position":1,"name":"Home","item":"https:\/\/tc-offroad-trekking.de\/4x4\/"},{"@type":"ListItem","position":2,"name":"Durchf\u00fchrungsgarantie"}]},{"@type":"WebSite","@id":"https:\/\/tc-offroad-trekking.de\/4x4\/#website","url":"https:\/\/tc-offroad-trekking.de\/4x4\/","name":"Offroad Reisen, TC-Offroad-Trekking, Offroad Touren & Offroad Training","description":"4x4 Reisen und 4x4-Trainings","publisher":{"@id":"https:\/\/tc-offroad-trekking.de\/4x4\/#organization"},"alternateName":"Offroad Reisen TC-Offroad-Trekking","potentialAction":[{"@type":"SearchAction","target":{"@type":"EntryPoint","urlTemplate":"https:\/\/tc-offroad-trekking.de\/4x4\/?s={search_term_string}"},"query-input":{"@type":"PropertyValueSpecification","valueRequired":true,"valueName":"search_term_string"}}],"inLanguage":"de"},{"@type":"Organization","@id":"https:\/\/tc-offroad-trekking.de\/4x4\/#organization","name":"TC-Offroad-Trekking","alternateName":"TC Offroad Reisen","url":"https:\/\/tc-offroad-trekking.de\/4x4\/","logo":{"@type":"ImageObject","inLanguage":"de","@id":"https:\/\/tc-offroad-trekking.de\/4x4\/#\/schema\/logo\/image\/","url":"https:\/\/tc-offroad-trekking.de\/4x4\/wp-content\/uploads\/2024\/06\/logo-tc-quadratisch.png","contentUrl":"https:\/\/tc-offroad-trekking.de\/4x4\/wp-content\/uploads\/2024\/06\/logo-tc-quadratisch.png","width":312,"height":312,"caption":"TC-Offroad-Trekking"},"image":{"@id":"https:\/\/tc-offroad-trekking.de\/4x4\/#\/schema\/logo\/image\/"},"sameAs":["https:\/\/www.facebook.com\/tcoffroadtrekking\/"],"description":"Auf alten Schmugglerpfaden durch die Pyren\u00e4en, in den Alpen \u00fcber das Dach Europas, in den Karpaten den Wolfspuren durch Transsilvanien folgen, und in der Sahara den hei\u00dfen Atem der gr\u00f6\u00dften W\u00fcste Afrikas sp\u00fcren! Im Winter mit rasselnden Schneeketten durch die tief verschneiten W\u00e4lder Rum\u00e4niens, im Fr\u00fchjahr durch die bl\u00fchende Toskana mit \u00dcbernachtungen auf romantischen Weing\u00fctern, im Sommer auf alten Milit\u00e4rpisten \u00fcber die Westalpen und im Herbst durch die farbenpr\u00e4chtigen Schluchten des Balkans! Das sind die Offroad-Reisen von TC-Offroad-Trekking. In Deutschland vermitteln wir in den sch\u00f6nsten Offroad-Parks bei unseren Offroad-Trainings das Know-how aus \u00fcber 25 Jahren Offroad-Reisen mit uns.","email":"info@tc-offroad-trekking.de","telephone":"04444 988125","legalName":"TC-Offroad-Trekking GmbH","vatID":"DE281182191","taxID":"68\/215\/01576","numberOfEmployees":{"@type":"QuantitativeValue","minValue":"1","maxValue":"10"},"publishingPrinciples":"https:\/\/tc-offroad-trekking.de\/4x4\/termine\/","ownershipFundingInfo":"https:\/\/tc-offroad-trekking.de\/4x4\/impressum\/","ethicsPolicy":"https:\/\/tc-offroad-trekking.de\/4x4\/datenschutz\/","diversityPolicy":"https:\/\/tc-offroad-trekking.de\/4x4\/agb\/"}]}},"_links":{"self":[{"href":"https:\/\/tc-offroad-trekking.de\/4x4\/wp-json\/wp\/v2\/pages\/2415","targetHints":{"allow":["GET"]}}],"collection":[{"href":"https:\/\/tc-offroad-trekking.de\/4x4\/wp-json\/wp\/v2\/pages"}],"about":[{"href":"https:\/\/tc-offroad-trekking.de\/4x4\/wp-json\/wp\/v2\/types\/page"}],"author":[{"embeddable":true,"href":"https:\/\/tc-offroad-trekking.de\/4x4\/wp-json\/wp\/v2\/users\/1"}],"replies":[{"embeddable":true,"href":"https:\/\/tc-offroad-trekking.de\/4x4\/wp-json\/wp\/v2\/comments?post=2415"}],"version-history":[{"count":12,"href":"https:\/\/tc-offroad-trekking.de\/4x4\/wp-json\/wp\/v2\/pages\/2415\/revisions"}],"predecessor-version":[{"id":4022,"href":"https:\/\/tc-offroad-trekking.de\/4x4\/wp-json\/wp\/v2\/pages\/2415\/revisions\/4022"}],"wp:attachment":[{"href":"https:\/\/tc-offroad-trekking.de\/4x4\/wp-json\/wp\/v2\/media?parent=2415"}],"curies":[{"name":"wp","href":"https:\/\/api.w.org\/{rel}","templated":true}]}}